{"id":419,"date":"2019-10-11T12:19:45","date_gmt":"2019-10-11T10:19:45","guid":{"rendered":"http:\/\/www.cafesetthes.be\/WP\/?page_id=419"},"modified":"2019-10-11T12:20:06","modified_gmt":"2019-10-11T10:20:06","slug":"a-propos-de-nous","status":"publish","type":"page","link":"https:\/\/www.cafesetthes.be\/WP\/a-propos-de-nous\/","title":{"rendered":"\u00c0 propos de nous"},"content":{"rendered":"<div id=\"pl-gb419-69d0c60d754c7\"  class=\"panel-layout\" ><div id=\"pg-gb419-69d0c60d754c7-0\"  class=\"panel-grid panel-no-style\" ><div id=\"pgc-gb419-69d0c60d754c7-0-0\"  class=\"panel-grid-cell\" ><div id=\"panel-gb419-69d0c60d754c7-0-0-0\" class=\"so-panel widget widget_sow-editor panel-first-child panel-last-child\" data-index=\"0\" ><div\n\t\t\t\n\t\t\tclass=\"so-widget-sow-editor so-widget-sow-editor-base\"\n\t\t\t\n\t\t>\n<div class=\"siteorigin-widget-tinymce textwidget\">\n\t<p id=\"u508-2\">Nous vous souhaitons la bienvenue sur notre site.<\/p>\n<p id=\"u508-5\">Nous vous laissons d\u00e9couvrir notre s\u00e9lection de caf\u00e9s, th\u00e9s et petites gourmandises.<\/p>\n<p id=\"u508-8\">Apr\u00e8s votre visite sur notre vitrine virtuelle, c&#8217;est avec plaisir que nous vous accueillerons dans notre boutique.\u00a0 Vous pouvez \u00e9galement nous contacter pour passer votre commande.<\/p>\n<\/div>\n<\/div><\/div><\/div><div id=\"pgc-gb419-69d0c60d754c7-0-1\"  class=\"panel-grid-cell\" ><div id=\"panel-gb419-69d0c60d754c7-0-1-0\" class=\"so-panel widget widget_sow-image panel-first-child panel-last-child\" data-index=\"1\" ><div\n\t\t\t\n\t\t\tclass=\"so-widget-sow-image so-widget-sow-image-default-d6014b76747a-419\"\n\t\t\t\n\t\t>\n\n<div class=\"sow-image-container\">\n\t\t<img src=\"https:\/\/www.cafesetthes.be\/WP\/wp-content\/uploads\/2019\/10\/Coffee-and-Tea.jpg\" width=\"747\" height=\"476\" srcset=\"https:\/\/www.cafesetthes.be\/WP\/wp-content\/uploads\/2019\/10\/Coffee-and-Tea.jpg 747w, https:\/\/www.cafesetthes.be\/WP\/wp-content\/uploads\/2019\/10\/Coffee-and-Tea-300x191.jpg 300w, https:\/\/www.cafesetthes.be\/WP\/wp-content\/uploads\/2019\/10\/Coffee-and-Tea-600x382.jpg 600w\" sizes=\"(max-width: 747px) 100vw, 747px\" alt=\"\" loading=\"lazy\" \t\tclass=\"so-widget-image\"\/>\n\t<\/div>\n\n<\/div><\/div><\/div><\/div><\/div>\n\n\n<p><\/p>\n","protected":false},"excerpt":{"rendered":"<p>Nous vous souhaitons la bienvenue sur notre site. Nous vous laissons d\u00e9couvrir notre s\u00e9lection de caf\u00e9s, th\u00e9s et petites gourmandises. Apr\u00e8s votre visite sur notre vitrine virtuelle, c&#8217;est avec plaisir que nous vous accueillerons dans notre boutique.\u00a0 Vous pouvez \u00e9galement nous contacter pour passer votre commande.<\/p>\n","protected":false},"author":1,"featured_media":0,"parent":0,"menu_order":0,"comment_status":"closed","ping_status":"closed","template":"","meta":{"spay_email":""},"_links":{"self":[{"href":"https:\/\/www.cafesetthes.be\/WP\/wp-json\/wp\/v2\/pages\/419"}],"collection":[{"href":"https:\/\/www.cafesetthes.be\/WP\/wp-json\/wp\/v2\/pages"}],"about":[{"href":"https:\/\/www.cafesetthes.be\/WP\/wp-json\/wp\/v2\/types\/page"}],"author":[{"embeddable":true,"href":"https:\/\/www.cafesetthes.be\/WP\/wp-json\/wp\/v2\/users\/1"}],"replies":[{"embeddable":true,"href":"https:\/\/www.cafesetthes.be\/WP\/wp-json\/wp\/v2\/comments?post=419"}],"version-history":[{"count":3,"href":"https:\/\/www.cafesetthes.be\/WP\/wp-json\/wp\/v2\/pages\/419\/revisions"}],"predecessor-version":[{"id":968,"href":"https:\/\/www.cafesetthes.be\/WP\/wp-json\/wp\/v2\/pages\/419\/revisions\/968"}],"wp:attachment":[{"href":"https:\/\/www.cafesetthes.be\/WP\/wp-json\/wp\/v2\/media?parent=419"}],"curies":[{"name":"wp","href":"https:\/\/api.w.org\/{rel}","templated":true}]}}