{"id":1000,"date":"2022-07-27T16:18:58","date_gmt":"2022-07-27T14:18:58","guid":{"rendered":"https:\/\/www.cafesetthes.be\/WP\/?post_type=product&#038;p=1000"},"modified":"2025-03-05T11:39:32","modified_gmt":"2025-03-05T10:39:32","slug":"moulin-a-cafe-esteban","status":"publish","type":"product","link":"https:\/\/www.cafesetthes.be\/WP\/product\/moulin-a-cafe-esteban\/","title":{"rendered":"Moulin \u00e0 caf\u00e9 &#8220;Esteban&#8221;"},"content":{"rendered":"<h2>Dimensions<\/h2>\n<p>Environ 9 x 18 cm<\/p>\n<p>Le r\u00e9cipient est en polycarbonate de qualit\u00e9 nous surprenant quand \u00e0 sa ressemblance avec du verre.<\/p>\n","protected":false},"excerpt":{"rendered":"<p>&nbsp;<\/p>\n<p>Moulin robuste au design diff\u00e9rent pouvant contenir environ 400 ml de caf\u00e9 moulu.<\/p>\n","protected":false},"featured_media":1001,"template":"","meta":{"spay_email":""},"product_cat":[38,63],"product_tag":[],"_links":{"self":[{"href":"https:\/\/www.cafesetthes.be\/WP\/wp-json\/wp\/v2\/product\/1000"}],"collection":[{"href":"https:\/\/www.cafesetthes.be\/WP\/wp-json\/wp\/v2\/product"}],"about":[{"href":"https:\/\/www.cafesetthes.be\/WP\/wp-json\/wp\/v2\/types\/product"}],"wp:featuredmedia":[{"embeddable":true,"href":"https:\/\/www.cafesetthes.be\/WP\/wp-json\/wp\/v2\/media\/1001"}],"wp:attachment":[{"href":"https:\/\/www.cafesetthes.be\/WP\/wp-json\/wp\/v2\/media?parent=1000"}],"wp:term":[{"taxonomy":"product_cat","embeddable":true,"href":"https:\/\/www.cafesetthes.be\/WP\/wp-json\/wp\/v2\/product_cat?post=1000"},{"taxonomy":"product_tag","embeddable":true,"href":"https:\/\/www.cafesetthes.be\/WP\/wp-json\/wp\/v2\/product_tag?post=1000"}],"curies":[{"name":"wp","href":"https:\/\/api.w.org\/{rel}","templated":true}]}}