{"id":1003,"date":"2022-08-02T10:57:47","date_gmt":"2022-08-02T08:57:47","guid":{"rendered":"https:\/\/www.cafesetthes.be\/WP\/?post_type=product&#038;p=1003"},"modified":"2025-03-05T11:39:11","modified_gmt":"2025-03-05T10:39:11","slug":"flowtea-may-lin","status":"publish","type":"product","link":"https:\/\/www.cafesetthes.be\/WP\/product\/flowtea-may-lin\/","title":{"rendered":"Flowtea &#8220;May Lin&#8221;"},"content":{"rendered":"<h2>Capacit\u00e9<\/h2>\n<p>330 ml<\/p>\n","protected":false},"excerpt":{"rendered":"<p>&nbsp;<\/p>\n<p>Fabriqu\u00e9 en verre borosilicat\u00e9 \u00e0 double paroi de haute qualit\u00e9, le Flowtea\u00ae est livr\u00e9 avec un tamis en acier inoxydable et une housse en n\u00e9opr\u00e8ne. De plus, la poign\u00e9e sur le couvercle en fait un compagnon id\u00e9al pour tous vos d\u00e9placements.<\/p>\n","protected":false},"featured_media":1004,"template":"","meta":{"spay_email":""},"product_cat":[38,64],"product_tag":[],"_links":{"self":[{"href":"https:\/\/www.cafesetthes.be\/WP\/wp-json\/wp\/v2\/product\/1003"}],"collection":[{"href":"https:\/\/www.cafesetthes.be\/WP\/wp-json\/wp\/v2\/product"}],"about":[{"href":"https:\/\/www.cafesetthes.be\/WP\/wp-json\/wp\/v2\/types\/product"}],"wp:featuredmedia":[{"embeddable":true,"href":"https:\/\/www.cafesetthes.be\/WP\/wp-json\/wp\/v2\/media\/1004"}],"wp:attachment":[{"href":"https:\/\/www.cafesetthes.be\/WP\/wp-json\/wp\/v2\/media?parent=1003"}],"wp:term":[{"taxonomy":"product_cat","embeddable":true,"href":"https:\/\/www.cafesetthes.be\/WP\/wp-json\/wp\/v2\/product_cat?post=1003"},{"taxonomy":"product_tag","embeddable":true,"href":"https:\/\/www.cafesetthes.be\/WP\/wp-json\/wp\/v2\/product_tag?post=1003"}],"curies":[{"name":"wp","href":"https:\/\/api.w.org\/{rel}","templated":true}]}}