{"id":1009,"date":"2022-08-02T11:17:58","date_gmt":"2022-08-02T09:17:58","guid":{"rendered":"https:\/\/www.cafesetthes.be\/WP\/?post_type=product&#038;p=1009"},"modified":"2024-11-29T10:21:18","modified_gmt":"2024-11-29T09:21:18","slug":"boule-a-the","status":"publish","type":"product","link":"https:\/\/www.cafesetthes.be\/WP\/product\/boule-a-the\/","title":{"rendered":"Boule \u00e0 th\u00e9"},"content":{"rendered":"<p>Id\u00e9al pour une petite tasse de th\u00e9<\/p>\n","protected":false},"excerpt":{"rendered":"<p>Boule \u00e0 th\u00e9 en acier inoxydable, diam\u00e8tre 4,5 cm<\/p>\n","protected":false},"featured_media":1016,"template":"","meta":{"spay_email":""},"product_cat":[38,39],"product_tag":[],"_links":{"self":[{"href":"https:\/\/www.cafesetthes.be\/WP\/wp-json\/wp\/v2\/product\/1009"}],"collection":[{"href":"https:\/\/www.cafesetthes.be\/WP\/wp-json\/wp\/v2\/product"}],"about":[{"href":"https:\/\/www.cafesetthes.be\/WP\/wp-json\/wp\/v2\/types\/product"}],"wp:featuredmedia":[{"embeddable":true,"href":"https:\/\/www.cafesetthes.be\/WP\/wp-json\/wp\/v2\/media\/1016"}],"wp:attachment":[{"href":"https:\/\/www.cafesetthes.be\/WP\/wp-json\/wp\/v2\/media?parent=1009"}],"wp:term":[{"taxonomy":"product_cat","embeddable":true,"href":"https:\/\/www.cafesetthes.be\/WP\/wp-json\/wp\/v2\/product_cat?post=1009"},{"taxonomy":"product_tag","embeddable":true,"href":"https:\/\/www.cafesetthes.be\/WP\/wp-json\/wp\/v2\/product_tag?post=1009"}],"curies":[{"name":"wp","href":"https:\/\/api.w.org\/{rel}","templated":true}]}}