{"id":1019,"date":"2022-08-02T11:22:28","date_gmt":"2022-08-02T09:22:28","guid":{"rendered":"https:\/\/www.cafesetthes.be\/WP\/?post_type=product&#038;p=1019"},"modified":"2024-11-29T10:20:54","modified_gmt":"2024-11-29T09:20:54","slug":"boule-a-the-hibou","status":"publish","type":"product","link":"https:\/\/www.cafesetthes.be\/WP\/product\/boule-a-the-hibou\/","title":{"rendered":"Boule \u00e0 th\u00e9 &#8220;Hibou&#8221;"},"content":{"rendered":"<p>Dimension id\u00e9ale pour une tasse de th\u00e9<\/p>\n","protected":false},"excerpt":{"rendered":"<p>Boule \u00e0 th\u00e9 en acier inoxydable avec contrepoids, diam\u00e8tre 5 cm<\/p>\n","protected":false},"featured_media":1020,"template":"","meta":{"spay_email":""},"product_cat":[38,39],"product_tag":[],"_links":{"self":[{"href":"https:\/\/www.cafesetthes.be\/WP\/wp-json\/wp\/v2\/product\/1019"}],"collection":[{"href":"https:\/\/www.cafesetthes.be\/WP\/wp-json\/wp\/v2\/product"}],"about":[{"href":"https:\/\/www.cafesetthes.be\/WP\/wp-json\/wp\/v2\/types\/product"}],"wp:featuredmedia":[{"embeddable":true,"href":"https:\/\/www.cafesetthes.be\/WP\/wp-json\/wp\/v2\/media\/1020"}],"wp:attachment":[{"href":"https:\/\/www.cafesetthes.be\/WP\/wp-json\/wp\/v2\/media?parent=1019"}],"wp:term":[{"taxonomy":"product_cat","embeddable":true,"href":"https:\/\/www.cafesetthes.be\/WP\/wp-json\/wp\/v2\/product_cat?post=1019"},{"taxonomy":"product_tag","embeddable":true,"href":"https:\/\/www.cafesetthes.be\/WP\/wp-json\/wp\/v2\/product_tag?post=1019"}],"curies":[{"name":"wp","href":"https:\/\/api.w.org\/{rel}","templated":true}]}}