{"id":1038,"date":"2022-08-02T12:05:19","date_gmt":"2022-08-02T10:05:19","guid":{"rendered":"https:\/\/www.cafesetthes.be\/WP\/?post_type=product&#038;p=1038"},"modified":"2024-11-24T16:51:00","modified_gmt":"2024-11-24T15:51:00","slug":"filtre-a-the-taille-m","status":"publish","type":"product","link":"https:\/\/www.cafesetthes.be\/WP\/product\/filtre-a-the-taille-m\/","title":{"rendered":"Filtre papier taille M"},"content":{"rendered":"<h2>Dimensions<\/h2>\n<p>L: 8,5 cm H: 14 cm<\/p>\n<h2>Quantit\u00e9<\/h2>\n<p>100 pi\u00e8ces<\/p>\n","protected":false},"excerpt":{"rendered":"<p>Filtre \u00e0 papier biod\u00e9gradable. Id\u00e9al pour une th\u00e9i\u00e8re.<\/p>\n","protected":false},"featured_media":1041,"template":"","meta":{"spay_email":""},"product_cat":[38,41],"product_tag":[],"_links":{"self":[{"href":"https:\/\/www.cafesetthes.be\/WP\/wp-json\/wp\/v2\/product\/1038"}],"collection":[{"href":"https:\/\/www.cafesetthes.be\/WP\/wp-json\/wp\/v2\/product"}],"about":[{"href":"https:\/\/www.cafesetthes.be\/WP\/wp-json\/wp\/v2\/types\/product"}],"wp:featuredmedia":[{"embeddable":true,"href":"https:\/\/www.cafesetthes.be\/WP\/wp-json\/wp\/v2\/media\/1041"}],"wp:attachment":[{"href":"https:\/\/www.cafesetthes.be\/WP\/wp-json\/wp\/v2\/media?parent=1038"}],"wp:term":[{"taxonomy":"product_cat","embeddable":true,"href":"https:\/\/www.cafesetthes.be\/WP\/wp-json\/wp\/v2\/product_cat?post=1038"},{"taxonomy":"product_tag","embeddable":true,"href":"https:\/\/www.cafesetthes.be\/WP\/wp-json\/wp\/v2\/product_tag?post=1038"}],"curies":[{"name":"wp","href":"https:\/\/api.w.org\/{rel}","templated":true}]}}