{"id":1047,"date":"2022-08-02T12:43:15","date_gmt":"2022-08-02T10:43:15","guid":{"rendered":"https:\/\/www.cafesetthes.be\/WP\/?post_type=product&#038;p=1047"},"modified":"2025-03-05T11:37:09","modified_gmt":"2025-03-05T10:37:09","slug":"theiere-saara-mate-petrole","status":"publish","type":"product","link":"https:\/\/www.cafesetthes.be\/WP\/product\/theiere-saara-mate-petrole\/","title":{"rendered":"Th\u00e9i\u00e8re &#8220;Saara&#8221; mate p\u00e9trole"},"content":{"rendered":"<h2>Capacit\u00e9<\/h2>\n<p>0,9L<\/p>\n<h2>Le plus<\/h2>\n<p>Filtre en acier inoxydable inclus<\/p>\n<p>&nbsp;<\/p>\n","protected":false},"excerpt":{"rendered":"<p>&nbsp;<\/p>\n<p>Cette th\u00e9i\u00e8re en porcelaine p\u00e9trole mate est le compagnon id\u00e9al pour tous les jours. Dot\u00e9e d&#8217;un filtre en acier inoxydable amovible et d&#8217;un couvercle en acier inoxydable brillant. La finition de couleur mate de la porcelaine conf\u00e8re \u00e0 cet article une optique exclusive.<\/p>\n","protected":false},"featured_media":1048,"template":"","meta":{"spay_email":""},"product_cat":[38,66],"product_tag":[],"_links":{"self":[{"href":"https:\/\/www.cafesetthes.be\/WP\/wp-json\/wp\/v2\/product\/1047"}],"collection":[{"href":"https:\/\/www.cafesetthes.be\/WP\/wp-json\/wp\/v2\/product"}],"about":[{"href":"https:\/\/www.cafesetthes.be\/WP\/wp-json\/wp\/v2\/types\/product"}],"wp:featuredmedia":[{"embeddable":true,"href":"https:\/\/www.cafesetthes.be\/WP\/wp-json\/wp\/v2\/media\/1048"}],"wp:attachment":[{"href":"https:\/\/www.cafesetthes.be\/WP\/wp-json\/wp\/v2\/media?parent=1047"}],"wp:term":[{"taxonomy":"product_cat","embeddable":true,"href":"https:\/\/www.cafesetthes.be\/WP\/wp-json\/wp\/v2\/product_cat?post=1047"},{"taxonomy":"product_tag","embeddable":true,"href":"https:\/\/www.cafesetthes.be\/WP\/wp-json\/wp\/v2\/product_tag?post=1047"}],"curies":[{"name":"wp","href":"https:\/\/api.w.org\/{rel}","templated":true}]}}