{"id":1102,"date":"2022-08-02T15:45:41","date_gmt":"2022-08-02T13:45:41","guid":{"rendered":"https:\/\/www.cafesetthes.be\/WP\/?post_type=product&#038;p=1102"},"modified":"2025-06-16T15:34:34","modified_gmt":"2025-06-16T13:34:34","slug":"tisaniere-nessie","status":"publish","type":"product","link":"https:\/\/www.cafesetthes.be\/WP\/product\/tisaniere-nessie\/","title":{"rendered":"Tisani\u00e8re &#8220;Nessie&#8221;"},"content":{"rendered":"<h2>Capacit\u00e9<\/h2>\n<p>0,25 L<\/p>\n","protected":false},"excerpt":{"rendered":"<p>Tisani\u00e8re en porcelaine 3 pi\u00e8ces, filtre amovible en acier inoxydable et couvercle qui peut \u00e9galement servir de support \u00e0 votre filtre apr\u00e8s infusion<\/p>\n","protected":false},"featured_media":1103,"template":"","meta":{"spay_email":""},"product_cat":[38,65],"product_tag":[],"_links":{"self":[{"href":"https:\/\/www.cafesetthes.be\/WP\/wp-json\/wp\/v2\/product\/1102"}],"collection":[{"href":"https:\/\/www.cafesetthes.be\/WP\/wp-json\/wp\/v2\/product"}],"about":[{"href":"https:\/\/www.cafesetthes.be\/WP\/wp-json\/wp\/v2\/types\/product"}],"wp:featuredmedia":[{"embeddable":true,"href":"https:\/\/www.cafesetthes.be\/WP\/wp-json\/wp\/v2\/media\/1103"}],"wp:attachment":[{"href":"https:\/\/www.cafesetthes.be\/WP\/wp-json\/wp\/v2\/media?parent=1102"}],"wp:term":[{"taxonomy":"product_cat","embeddable":true,"href":"https:\/\/www.cafesetthes.be\/WP\/wp-json\/wp\/v2\/product_cat?post=1102"},{"taxonomy":"product_tag","embeddable":true,"href":"https:\/\/www.cafesetthes.be\/WP\/wp-json\/wp\/v2\/product_tag?post=1102"}],"curies":[{"name":"wp","href":"https:\/\/api.w.org\/{rel}","templated":true}]}}