{"id":1106,"date":"2022-08-02T16:00:39","date_gmt":"2022-08-02T14:00:39","guid":{"rendered":"https:\/\/www.cafesetthes.be\/WP\/?post_type=product&#038;p=1106"},"modified":"2025-03-05T11:36:11","modified_gmt":"2025-03-05T10:36:11","slug":"tisaniere-raja","status":"publish","type":"product","link":"https:\/\/www.cafesetthes.be\/WP\/product\/tisaniere-raja\/","title":{"rendered":"Tisani\u00e8re &#8220;Raja&#8221;"},"content":{"rendered":"<h2>Capacit\u00e9<\/h2>\n<p>0,35 L<\/p>\n<h2>Mat\u00e9riaux<\/h2>\n<p>Porcelaine New Bone China<\/p>\n<p>Filtre en acier inoxydable<\/p>\n<p>&nbsp;<\/p>\n","protected":false},"excerpt":{"rendered":"<p>&nbsp;<\/p>\n<p>Cette tisani\u00e8re avec un d\u00e9cor en relief et de grande capacit\u00e9 vous permettra de savourer votre th\u00e9 ou infusion avec bonheur. Le tamis en acier inoxydable est finement grav\u00e9 au laser et lui conf\u00e8re une beaut\u00e9 particuli\u00e8re.<\/p>\n","protected":false},"featured_media":1110,"template":"","meta":{"spay_email":""},"product_cat":[38,65],"product_tag":[],"_links":{"self":[{"href":"https:\/\/www.cafesetthes.be\/WP\/wp-json\/wp\/v2\/product\/1106"}],"collection":[{"href":"https:\/\/www.cafesetthes.be\/WP\/wp-json\/wp\/v2\/product"}],"about":[{"href":"https:\/\/www.cafesetthes.be\/WP\/wp-json\/wp\/v2\/types\/product"}],"wp:featuredmedia":[{"embeddable":true,"href":"https:\/\/www.cafesetthes.be\/WP\/wp-json\/wp\/v2\/media\/1110"}],"wp:attachment":[{"href":"https:\/\/www.cafesetthes.be\/WP\/wp-json\/wp\/v2\/media?parent=1106"}],"wp:term":[{"taxonomy":"product_cat","embeddable":true,"href":"https:\/\/www.cafesetthes.be\/WP\/wp-json\/wp\/v2\/product_cat?post=1106"},{"taxonomy":"product_tag","embeddable":true,"href":"https:\/\/www.cafesetthes.be\/WP\/wp-json\/wp\/v2\/product_tag?post=1106"}],"curies":[{"name":"wp","href":"https:\/\/api.w.org\/{rel}","templated":true}]}}