{"id":1117,"date":"2022-08-03T12:36:01","date_gmt":"2022-08-03T10:36:01","guid":{"rendered":"https:\/\/www.cafesetthes.be\/WP\/?post_type=product&#038;p=1117"},"modified":"2025-03-05T11:35:18","modified_gmt":"2025-03-05T10:35:18","slug":"tisaniere-stones","status":"publish","type":"product","link":"https:\/\/www.cafesetthes.be\/WP\/product\/tisaniere-stones\/","title":{"rendered":"Tisani\u00e8re &#8220;Stones&#8221;"},"content":{"rendered":"<h2>Capacit\u00e9<\/h2>\n<p>0,35 L<\/p>\n<h2>Mat\u00e9riaux<\/h2>\n<p>Porcelaine<\/p>\n<p>Filtre en acier inoxydable<\/p>\n","protected":false},"excerpt":{"rendered":"<p>&nbsp;<\/p>\n<p>Le d\u00e9cor unique de cette tisani\u00e8re double paroi s&#8217;inspire de l&#8217;aspect naturel typique des terrasses italiennes en pierre. La combinaison des finitions de surface m\u00e9talliques mates et brillantes conf\u00e8re \u00e0 cette tasse un look \u00e9l\u00e9gant et exclusif compl\u00e9t\u00e9 par la symbiose harmonieuse des couleurs de d\u00e9licats tons ivoire et taupe. Le filtre finement grav\u00e9 au laser ajoute une touche d&#8217;\u00e9l\u00e9gance suppl\u00e9mentaire.<\/p>\n","protected":false},"featured_media":1121,"template":"","meta":{"spay_email":""},"product_cat":[38,65],"product_tag":[],"_links":{"self":[{"href":"https:\/\/www.cafesetthes.be\/WP\/wp-json\/wp\/v2\/product\/1117"}],"collection":[{"href":"https:\/\/www.cafesetthes.be\/WP\/wp-json\/wp\/v2\/product"}],"about":[{"href":"https:\/\/www.cafesetthes.be\/WP\/wp-json\/wp\/v2\/types\/product"}],"wp:featuredmedia":[{"embeddable":true,"href":"https:\/\/www.cafesetthes.be\/WP\/wp-json\/wp\/v2\/media\/1121"}],"wp:attachment":[{"href":"https:\/\/www.cafesetthes.be\/WP\/wp-json\/wp\/v2\/media?parent=1117"}],"wp:term":[{"taxonomy":"product_cat","embeddable":true,"href":"https:\/\/www.cafesetthes.be\/WP\/wp-json\/wp\/v2\/product_cat?post=1117"},{"taxonomy":"product_tag","embeddable":true,"href":"https:\/\/www.cafesetthes.be\/WP\/wp-json\/wp\/v2\/product_tag?post=1117"}],"curies":[{"name":"wp","href":"https:\/\/api.w.org\/{rel}","templated":true}]}}