{"id":1125,"date":"2022-08-03T12:55:12","date_gmt":"2022-08-03T10:55:12","guid":{"rendered":"https:\/\/www.cafesetthes.be\/WP\/?post_type=product&#038;p=1125"},"modified":"2025-03-05T11:34:22","modified_gmt":"2025-03-05T10:34:22","slug":"tisaniere-saara-abricot","status":"publish","type":"product","link":"https:\/\/www.cafesetthes.be\/WP\/product\/tisaniere-saara-abricot\/","title":{"rendered":"Tisani\u00e8re &#8220;Saara&#8221; abricot"},"content":{"rendered":"<h2>Capacit\u00e9<\/h2>\n<p>0,35 L<\/p>\n<h2>Mat\u00e9riaux<\/h2>\n<p>Porcelaine<\/p>\n<p>Filtre en acier inoxydable<\/p>\n<p>&nbsp;<\/p>\n","protected":false},"excerpt":{"rendered":"<p>&nbsp;<\/p>\n<p>Cette tisani\u00e8re brille par sa simplicit\u00e9 et son \u00e9l\u00e9gance. Sa forme ronde est confortable \u00e0 prendre en main.<\/p>\n","protected":false},"featured_media":1126,"template":"","meta":{"spay_email":""},"product_cat":[38,65],"product_tag":[],"_links":{"self":[{"href":"https:\/\/www.cafesetthes.be\/WP\/wp-json\/wp\/v2\/product\/1125"}],"collection":[{"href":"https:\/\/www.cafesetthes.be\/WP\/wp-json\/wp\/v2\/product"}],"about":[{"href":"https:\/\/www.cafesetthes.be\/WP\/wp-json\/wp\/v2\/types\/product"}],"wp:featuredmedia":[{"embeddable":true,"href":"https:\/\/www.cafesetthes.be\/WP\/wp-json\/wp\/v2\/media\/1126"}],"wp:attachment":[{"href":"https:\/\/www.cafesetthes.be\/WP\/wp-json\/wp\/v2\/media?parent=1125"}],"wp:term":[{"taxonomy":"product_cat","embeddable":true,"href":"https:\/\/www.cafesetthes.be\/WP\/wp-json\/wp\/v2\/product_cat?post=1125"},{"taxonomy":"product_tag","embeddable":true,"href":"https:\/\/www.cafesetthes.be\/WP\/wp-json\/wp\/v2\/product_tag?post=1125"}],"curies":[{"name":"wp","href":"https:\/\/api.w.org\/{rel}","templated":true}]}}