{"id":1149,"date":"2022-08-04T10:56:23","date_gmt":"2022-08-04T08:56:23","guid":{"rendered":"https:\/\/www.cafesetthes.be\/WP\/?post_type=product&#038;p=1149"},"modified":"2025-03-05T11:26:51","modified_gmt":"2025-03-05T10:26:51","slug":"bouteille-isotherme-chiens-500-ml","status":"publish","type":"product","link":"https:\/\/www.cafesetthes.be\/WP\/product\/bouteille-isotherme-chiens-500-ml\/","title":{"rendered":"Bouteille isotherme &#8220;Chiens&#8221; 500 ml"},"content":{"rendered":"<h2>Capacit\u00e9<\/h2>\n<p>500 ml<\/p>\n<h2>Mat\u00e9riaux<\/h2>\n<p>Parois int\u00e9rieure et ext\u00e9rieure en inox<\/p>\n<p>Bouchon: ext\u00e9rieur en inox et int\u00e9rieur en plastique sans BPA avec joint de silicone<\/p>\n<p>&nbsp;<\/p>\n","protected":false},"excerpt":{"rendered":"<p>&nbsp;<\/p>\n<p>Emmenez vos boissons pr\u00e9f\u00e9r\u00e9es partout en choisissant les bouteilles isothermes double paroi Easy Life. Elles permettent de conserver au chaud pendant 12 h et au froid pendant 24 h et sont parfaitement herm\u00e9tiques.<\/p>\n","protected":false},"featured_media":1351,"template":"","meta":{"spay_email":""},"product_cat":[38,73],"product_tag":[],"_links":{"self":[{"href":"https:\/\/www.cafesetthes.be\/WP\/wp-json\/wp\/v2\/product\/1149"}],"collection":[{"href":"https:\/\/www.cafesetthes.be\/WP\/wp-json\/wp\/v2\/product"}],"about":[{"href":"https:\/\/www.cafesetthes.be\/WP\/wp-json\/wp\/v2\/types\/product"}],"wp:featuredmedia":[{"embeddable":true,"href":"https:\/\/www.cafesetthes.be\/WP\/wp-json\/wp\/v2\/media\/1351"}],"wp:attachment":[{"href":"https:\/\/www.cafesetthes.be\/WP\/wp-json\/wp\/v2\/media?parent=1149"}],"wp:term":[{"taxonomy":"product_cat","embeddable":true,"href":"https:\/\/www.cafesetthes.be\/WP\/wp-json\/wp\/v2\/product_cat?post=1149"},{"taxonomy":"product_tag","embeddable":true,"href":"https:\/\/www.cafesetthes.be\/WP\/wp-json\/wp\/v2\/product_tag?post=1149"}],"curies":[{"name":"wp","href":"https:\/\/api.w.org\/{rel}","templated":true}]}}