{"id":1151,"date":"2022-08-04T11:11:35","date_gmt":"2022-08-04T09:11:35","guid":{"rendered":"https:\/\/www.cafesetthes.be\/WP\/?post_type=product&#038;p=1151"},"modified":"2025-06-16T15:33:27","modified_gmt":"2025-06-16T13:33:27","slug":"boite-exclusive-blanc-mat-150g","status":"publish","type":"product","link":"https:\/\/www.cafesetthes.be\/WP\/product\/boite-exclusive-blanc-mat-150g\/","title":{"rendered":"Bo\u00eete &#8220;Exclusive&#8221; blanc mat 150g"},"content":{"rendered":"<h2>Capacit\u00e9<\/h2>\n<p>150g<\/p>\n<h2>Dimensions<\/h2>\n<p>\u00d8 85 x 128 mm<\/p>\n<p>&nbsp;<\/p>\n","protected":false},"excerpt":{"rendered":"<p>Tout en rondeur et discr\u00e9tion, cette bo\u00eete mate apportera une touche d&#8217;\u00e9l\u00e9gance. De plus, son couvercle int\u00e9rieur permet une conservation optimale.<\/p>\n","protected":false},"featured_media":1347,"template":"","meta":{"spay_email":""},"product_cat":[38,74],"product_tag":[],"_links":{"self":[{"href":"https:\/\/www.cafesetthes.be\/WP\/wp-json\/wp\/v2\/product\/1151"}],"collection":[{"href":"https:\/\/www.cafesetthes.be\/WP\/wp-json\/wp\/v2\/product"}],"about":[{"href":"https:\/\/www.cafesetthes.be\/WP\/wp-json\/wp\/v2\/types\/product"}],"wp:featuredmedia":[{"embeddable":true,"href":"https:\/\/www.cafesetthes.be\/WP\/wp-json\/wp\/v2\/media\/1347"}],"wp:attachment":[{"href":"https:\/\/www.cafesetthes.be\/WP\/wp-json\/wp\/v2\/media?parent=1151"}],"wp:term":[{"taxonomy":"product_cat","embeddable":true,"href":"https:\/\/www.cafesetthes.be\/WP\/wp-json\/wp\/v2\/product_cat?post=1151"},{"taxonomy":"product_tag","embeddable":true,"href":"https:\/\/www.cafesetthes.be\/WP\/wp-json\/wp\/v2\/product_tag?post=1151"}],"curies":[{"name":"wp","href":"https:\/\/api.w.org\/{rel}","templated":true}]}}