{"id":1152,"date":"2022-08-04T11:13:01","date_gmt":"2022-08-04T09:13:01","guid":{"rendered":"https:\/\/www.cafesetthes.be\/WP\/?post_type=product&#038;p=1152"},"modified":"2024-11-29T10:17:44","modified_gmt":"2024-11-29T09:17:44","slug":"boite-exclusive-noir-mat-150g","status":"publish","type":"product","link":"https:\/\/www.cafesetthes.be\/WP\/product\/boite-exclusive-noir-mat-150g\/","title":{"rendered":"Bo\u00eete &#8220;Exclusive&#8221; noir mat 150g"},"content":{"rendered":"<h2>Capacit\u00e9<\/h2>\n<p>150g<\/p>\n<h2>Dimensions<\/h2>\n<p>\u00d8 85 x 128 mm<\/p>\n<p>&nbsp;<\/p>\n","protected":false},"excerpt":{"rendered":"<p>&nbsp;<\/p>\n<p>Tout en rondeur et discr\u00e9tion, cette bo\u00eete mate apportera une touche d&#8217;\u00e9l\u00e9gance. De plus, son couvercle int\u00e9rieur permet une conservation optimale.<\/p>\n","protected":false},"featured_media":1345,"template":"","meta":{"spay_email":""},"product_cat":[38,74],"product_tag":[],"_links":{"self":[{"href":"https:\/\/www.cafesetthes.be\/WP\/wp-json\/wp\/v2\/product\/1152"}],"collection":[{"href":"https:\/\/www.cafesetthes.be\/WP\/wp-json\/wp\/v2\/product"}],"about":[{"href":"https:\/\/www.cafesetthes.be\/WP\/wp-json\/wp\/v2\/types\/product"}],"wp:featuredmedia":[{"embeddable":true,"href":"https:\/\/www.cafesetthes.be\/WP\/wp-json\/wp\/v2\/media\/1345"}],"wp:attachment":[{"href":"https:\/\/www.cafesetthes.be\/WP\/wp-json\/wp\/v2\/media?parent=1152"}],"wp:term":[{"taxonomy":"product_cat","embeddable":true,"href":"https:\/\/www.cafesetthes.be\/WP\/wp-json\/wp\/v2\/product_cat?post=1152"},{"taxonomy":"product_tag","embeddable":true,"href":"https:\/\/www.cafesetthes.be\/WP\/wp-json\/wp\/v2\/product_tag?post=1152"}],"curies":[{"name":"wp","href":"https:\/\/api.w.org\/{rel}","templated":true}]}}