{"id":1159,"date":"2022-08-04T11:28:12","date_gmt":"2022-08-04T09:28:12","guid":{"rendered":"https:\/\/www.cafesetthes.be\/WP\/?post_type=product&#038;p=1159"},"modified":"2025-03-08T13:42:37","modified_gmt":"2025-03-08T12:42:37","slug":"boite-nobu-150g","status":"publish","type":"product","link":"https:\/\/www.cafesetthes.be\/WP\/product\/boite-nobu-150g\/","title":{"rendered":"Bo\u00eete &#8220;Nobu&#8221; 150g"},"content":{"rendered":"<h2>Capacit\u00e9<\/h2>\n<p>150g<\/p>\n<h2>Mat\u00e9riaux<\/h2>\n<p>Bo\u00eete en fer blanc<\/p>\n<p>Papier washi<\/p>\n<p>&nbsp;<\/p>\n","protected":false},"excerpt":{"rendered":"<p>&nbsp;<\/p>\n<p>Cette boite \u00e0 th\u00e9, recouverte \u00e0 la main de papier traditionnel japonais, vous fera voyager en Asie. Ses couleurs contrast\u00e9es et ses motifs g\u00e9om\u00e9triques apporteront du style \u00e0 votre int\u00e9rieur. Munie d\u2019un double couvercle, ce contenant permet d\u2019optimiser la conservation des th\u00e9s.<\/p>\n<p>&nbsp;<\/p>\n","protected":false},"featured_media":1163,"template":"","meta":{"spay_email":""},"product_cat":[38,74],"product_tag":[],"_links":{"self":[{"href":"https:\/\/www.cafesetthes.be\/WP\/wp-json\/wp\/v2\/product\/1159"}],"collection":[{"href":"https:\/\/www.cafesetthes.be\/WP\/wp-json\/wp\/v2\/product"}],"about":[{"href":"https:\/\/www.cafesetthes.be\/WP\/wp-json\/wp\/v2\/types\/product"}],"wp:featuredmedia":[{"embeddable":true,"href":"https:\/\/www.cafesetthes.be\/WP\/wp-json\/wp\/v2\/media\/1163"}],"wp:attachment":[{"href":"https:\/\/www.cafesetthes.be\/WP\/wp-json\/wp\/v2\/media?parent=1159"}],"wp:term":[{"taxonomy":"product_cat","embeddable":true,"href":"https:\/\/www.cafesetthes.be\/WP\/wp-json\/wp\/v2\/product_cat?post=1159"},{"taxonomy":"product_tag","embeddable":true,"href":"https:\/\/www.cafesetthes.be\/WP\/wp-json\/wp\/v2\/product_tag?post=1159"}],"curies":[{"name":"wp","href":"https:\/\/api.w.org\/{rel}","templated":true}]}}