{"id":1184,"date":"2022-08-04T14:33:19","date_gmt":"2022-08-04T12:33:19","guid":{"rendered":"https:\/\/www.cafesetthes.be\/WP\/?post_type=product&#038;p=1184"},"modified":"2025-03-05T11:23:57","modified_gmt":"2025-03-05T10:23:57","slug":"theiere-magic-ii","status":"publish","type":"product","link":"https:\/\/www.cafesetthes.be\/WP\/product\/theiere-magic-ii\/","title":{"rendered":"Th\u00e9i\u00e8re &#8220;Magic II&#8221;"},"content":{"rendered":"<h2>Mat\u00e9riaux<\/h2>\n<p>Plastique de haute qualit\u00e9<\/p>\n<h2>Instructions<\/h2>\n<p>Mettez votre th\u00e9 ou votre infusion pr\u00e9f\u00e9r\u00e9e dans le filtre et versez lentement de l&#8217;eau chaude dans le filtre. Laissez infuser selon les instructions de pr\u00e9paration, puis placez le filtre sur une tasse et observez comment votre tasse se remplit en quelques secondes. Il suffit de soulever le filtre du mug pour que l&#8217;\u00e9coulement du th\u00e9 s&#8217;arr\u00eate instantan\u00e9ment.<\/p>\n<h2>Remarque<\/h2>\n<p>La tasse n&#8217;est pas incluse<\/p>\n","protected":false},"excerpt":{"rendered":"<p>&nbsp;<\/p>\n<p>Le principe incroyablement simple et direct vous permet de pr\u00e9parer votre th\u00e9 facilement, rapidement et sans tracas directement dans votre tasse ou votre mug<\/p>\n","protected":false},"featured_media":1185,"template":"","meta":{"spay_email":""},"product_cat":[38,81],"product_tag":[],"_links":{"self":[{"href":"https:\/\/www.cafesetthes.be\/WP\/wp-json\/wp\/v2\/product\/1184"}],"collection":[{"href":"https:\/\/www.cafesetthes.be\/WP\/wp-json\/wp\/v2\/product"}],"about":[{"href":"https:\/\/www.cafesetthes.be\/WP\/wp-json\/wp\/v2\/types\/product"}],"wp:featuredmedia":[{"embeddable":true,"href":"https:\/\/www.cafesetthes.be\/WP\/wp-json\/wp\/v2\/media\/1185"}],"wp:attachment":[{"href":"https:\/\/www.cafesetthes.be\/WP\/wp-json\/wp\/v2\/media?parent=1184"}],"wp:term":[{"taxonomy":"product_cat","embeddable":true,"href":"https:\/\/www.cafesetthes.be\/WP\/wp-json\/wp\/v2\/product_cat?post=1184"},{"taxonomy":"product_tag","embeddable":true,"href":"https:\/\/www.cafesetthes.be\/WP\/wp-json\/wp\/v2\/product_tag?post=1184"}],"curies":[{"name":"wp","href":"https:\/\/api.w.org\/{rel}","templated":true}]}}