{"id":1186,"date":"2022-08-04T14:45:31","date_gmt":"2022-08-04T12:45:31","guid":{"rendered":"https:\/\/www.cafesetthes.be\/WP\/?post_type=product&#038;p=1186"},"modified":"2025-03-05T11:23:33","modified_gmt":"2025-03-05T10:23:33","slug":"preparateur-pour-the-glace-assunta-15l","status":"publish","type":"product","link":"https:\/\/www.cafesetthes.be\/WP\/product\/preparateur-pour-the-glace-assunta-15l\/","title":{"rendered":"Pr\u00e9parateur pour th\u00e9 glac\u00e9 &#8220;Assunta&#8221; 1,5L"},"content":{"rendered":"<h2>Capacit\u00e9<\/h2>\n<p>1,5 L<\/p>\n<h2>Mat\u00e9riaux<\/h2>\n<p>Carafe en verre r\u00e9sistant \u00e0 la chaleur<\/p>\n<p>Filtre et contenant \u00e0 gla\u00e7ons en plastique<\/p>\n<h2>Pr\u00e9paration<\/h2>\n<p>Votre boisson peut se pr\u00e9parer \u00e0 chaud ou \u00e0 froid. Pour la pr\u00e9paration \u00e0 chaud, il suffit de laisser infuser selon les dur\u00e9es indiqu\u00e9es et ensuite laisser refroidir. Quant \u00e0 la pr\u00e9paration \u00e0 froid, elle demande un temps d&#8217;infusion plus long (environ 30&#8242; pour un th\u00e9 vert, 1h pour un th\u00e9 noir et 3h pour une infusion). A chacun sa technique&#8230;<\/p>\n<p>&nbsp;<\/p>\n<p>&nbsp;<\/p>\n","protected":false},"excerpt":{"rendered":"<p>&nbsp;<\/p>\n<p>L&#8217;accessoire indispensable pour pr\u00e9parer nos recettes&#8230;glac\u00e9es ! Cette carafe d&#8217; 1,5L est tr\u00e8s pratique pour pr\u00e9parer un th\u00e9 ou une infusion glac\u00e9. Munie d&#8217;un filtre amovible pour infuser le th\u00e9 et d&#8217;un contenant \u00e0 gla\u00e7ons amovible \u00e9galement. Cette carafe permet de pr\u00e9parer puis de pr\u00e9server la fra\u00eecheur de votre boisson !<\/p>\n<p>&nbsp;<\/p>\n","protected":false},"featured_media":1187,"template":"","meta":{"spay_email":""},"product_cat":[38,81],"product_tag":[],"_links":{"self":[{"href":"https:\/\/www.cafesetthes.be\/WP\/wp-json\/wp\/v2\/product\/1186"}],"collection":[{"href":"https:\/\/www.cafesetthes.be\/WP\/wp-json\/wp\/v2\/product"}],"about":[{"href":"https:\/\/www.cafesetthes.be\/WP\/wp-json\/wp\/v2\/types\/product"}],"wp:featuredmedia":[{"embeddable":true,"href":"https:\/\/www.cafesetthes.be\/WP\/wp-json\/wp\/v2\/media\/1187"}],"wp:attachment":[{"href":"https:\/\/www.cafesetthes.be\/WP\/wp-json\/wp\/v2\/media?parent=1186"}],"wp:term":[{"taxonomy":"product_cat","embeddable":true,"href":"https:\/\/www.cafesetthes.be\/WP\/wp-json\/wp\/v2\/product_cat?post=1186"},{"taxonomy":"product_tag","embeddable":true,"href":"https:\/\/www.cafesetthes.be\/WP\/wp-json\/wp\/v2\/product_tag?post=1186"}],"curies":[{"name":"wp","href":"https:\/\/api.w.org\/{rel}","templated":true}]}}