{"id":1195,"date":"2022-08-04T15:24:26","date_gmt":"2022-08-04T13:24:26","guid":{"rendered":"https:\/\/www.cafesetthes.be\/WP\/?post_type=product&#038;p=1195"},"modified":"2024-11-24T16:42:43","modified_gmt":"2024-11-24T15:42:43","slug":"theiere-en-verre-bahar-08l","status":"publish","type":"product","link":"https:\/\/www.cafesetthes.be\/WP\/product\/theiere-en-verre-bahar-08l\/","title":{"rendered":"Th\u00e9i\u00e8re en verre &#8220;Bahar&#8221; 0,8L"},"content":{"rendered":"<h2>Capacit\u00e9<\/h2>\n<p>0,8 L<\/p>\n<h2>Mat\u00e9riaux<\/h2>\n<p>Th\u00e9i\u00e8re en verre<\/p>\n<p>Filtre spirale en acier inoxydable<\/p>\n","protected":false},"excerpt":{"rendered":"<p>Th\u00e9i\u00e8re en verre avec anse en m\u00e9tal et petit filtre spirale en acier inoxydable situ\u00e9 dans le bec verseur, id\u00e9ale pour admirer les feuilles de fleur de th\u00e9 se d\u00e9ployer au contact de l&#8217;eau chaude. A r\u00e9server pour les th\u00e9s \u00e0 grandes feuilles.<\/p>\n","protected":false},"featured_media":1196,"template":"","meta":{"spay_email":""},"product_cat":[38,66],"product_tag":[],"_links":{"self":[{"href":"https:\/\/www.cafesetthes.be\/WP\/wp-json\/wp\/v2\/product\/1195"}],"collection":[{"href":"https:\/\/www.cafesetthes.be\/WP\/wp-json\/wp\/v2\/product"}],"about":[{"href":"https:\/\/www.cafesetthes.be\/WP\/wp-json\/wp\/v2\/types\/product"}],"wp:featuredmedia":[{"embeddable":true,"href":"https:\/\/www.cafesetthes.be\/WP\/wp-json\/wp\/v2\/media\/1196"}],"wp:attachment":[{"href":"https:\/\/www.cafesetthes.be\/WP\/wp-json\/wp\/v2\/media?parent=1195"}],"wp:term":[{"taxonomy":"product_cat","embeddable":true,"href":"https:\/\/www.cafesetthes.be\/WP\/wp-json\/wp\/v2\/product_cat?post=1195"},{"taxonomy":"product_tag","embeddable":true,"href":"https:\/\/www.cafesetthes.be\/WP\/wp-json\/wp\/v2\/product_tag?post=1195"}],"curies":[{"name":"wp","href":"https:\/\/api.w.org\/{rel}","templated":true}]}}