{"id":1207,"date":"2022-08-04T17:45:12","date_gmt":"2022-08-04T15:45:12","guid":{"rendered":"https:\/\/www.cafesetthes.be\/WP\/?post_type=product&#038;p=1207"},"modified":"2024-11-29T10:16:59","modified_gmt":"2024-11-29T09:16:59","slug":"fleur-de-the-rose-et-jasmin-bio","status":"publish","type":"product","link":"https:\/\/www.cafesetthes.be\/WP\/product\/fleur-de-the-rose-et-jasmin-bio\/","title":{"rendered":"Fleur de th\u00e9 Rose et Jasmin BIO"},"content":{"rendered":"<h2>Saveur<\/h2>\n<p><span class=\"entry--content\">Floral, sucr\u00e9, fruit\u00e9<\/span><\/p>\n<h2>Ingr\u00e9dients<\/h2>\n<p>Th\u00e9 vert bio, bourgeons de rose bio, fleurs de jasmin bio, ar\u00f4me de fleurs de jasmin bio<\/p>\n<h2>Pr\u00e9paration<\/h2>\n<p>Temp\u00e9rature de l&#8217;eau: 80-100\u00b0C<\/p>\n<p>&nbsp;<\/p>\n","protected":false},"excerpt":{"rendered":"<ul class=\"product--base-info list--unstyled\">\n<li class=\"base-info--entry entry-attribute\">\u00a0<span class=\"entry--content\">Une sp\u00e9cialit\u00e9 nou\u00e9e \u00e0 la main, compos\u00e9e de th\u00e9 fin et d&#8217;un bouton de rose au centre. Une arche de d\u00e9licates fleurs de jasmin enjambe cette fine composition apportant un visuel de qualit\u00e9 et une touche gustative int\u00e9ressante.<\/span><\/li>\n<\/ul>\n","protected":false},"featured_media":1208,"template":"","meta":{"spay_email":""},"product_cat":[83],"product_tag":[],"_links":{"self":[{"href":"https:\/\/www.cafesetthes.be\/WP\/wp-json\/wp\/v2\/product\/1207"}],"collection":[{"href":"https:\/\/www.cafesetthes.be\/WP\/wp-json\/wp\/v2\/product"}],"about":[{"href":"https:\/\/www.cafesetthes.be\/WP\/wp-json\/wp\/v2\/types\/product"}],"wp:featuredmedia":[{"embeddable":true,"href":"https:\/\/www.cafesetthes.be\/WP\/wp-json\/wp\/v2\/media\/1208"}],"wp:attachment":[{"href":"https:\/\/www.cafesetthes.be\/WP\/wp-json\/wp\/v2\/media?parent=1207"}],"wp:term":[{"taxonomy":"product_cat","embeddable":true,"href":"https:\/\/www.cafesetthes.be\/WP\/wp-json\/wp\/v2\/product_cat?post=1207"},{"taxonomy":"product_tag","embeddable":true,"href":"https:\/\/www.cafesetthes.be\/WP\/wp-json\/wp\/v2\/product_tag?post=1207"}],"curies":[{"name":"wp","href":"https:\/\/api.w.org\/{rel}","templated":true}]}}