{"id":1227,"date":"2022-08-08T15:40:56","date_gmt":"2022-08-08T13:40:56","guid":{"rendered":"https:\/\/www.cafesetthes.be\/WP\/?post_type=product&#038;p=1227"},"modified":"2026-01-14T14:45:43","modified_gmt":"2026-01-14T13:45:43","slug":"the-des-brumes-bio","status":"publish","type":"product","link":"https:\/\/www.cafesetthes.be\/WP\/product\/the-des-brumes-bio\/","title":{"rendered":"Th\u00e9 des Brumes BIO"},"content":{"rendered":"<h2>Saveur<\/h2>\n<p><span class=\"entry--content\">Doux, frais, intense<\/span><\/p>\n<h2>Ingr\u00e9dient<\/h2>\n<p>Th\u00e9 vert de Chine Bio<\/p>\n<h2>Pr\u00e9paration<\/h2>\n<p>Dosage: 12 g\/L<\/p>\n<p>Dur\u00e9e d&#8217;infusion: 1-3 min<\/p>\n<p>Temp\u00e9rature de l&#8217;eau: 70 \u00b0C<\/p>\n<p>&nbsp;<\/p>\n","protected":false},"excerpt":{"rendered":"<ul class=\"product--base-info list--unstyled\">\n<li class=\"base-info--entry entry-attribute\"><span class=\"entry--content\">Le jardin biologique de Taishan est couvert d&#8217;\u00e9paisses nappes de brume pendant de longues p\u00e9riodes quotidiennes, qui sont ensuite remplac\u00e9es par le puissant soleil. Le th\u00e9 pousse lentement et abondamment.<\/span><\/li>\n<\/ul>\n<p>&nbsp;<\/p>\n","protected":false},"featured_media":1339,"template":"","meta":{"spay_email":""},"product_cat":[24],"product_tag":[],"_links":{"self":[{"href":"https:\/\/www.cafesetthes.be\/WP\/wp-json\/wp\/v2\/product\/1227"}],"collection":[{"href":"https:\/\/www.cafesetthes.be\/WP\/wp-json\/wp\/v2\/product"}],"about":[{"href":"https:\/\/www.cafesetthes.be\/WP\/wp-json\/wp\/v2\/types\/product"}],"wp:featuredmedia":[{"embeddable":true,"href":"https:\/\/www.cafesetthes.be\/WP\/wp-json\/wp\/v2\/media\/1339"}],"wp:attachment":[{"href":"https:\/\/www.cafesetthes.be\/WP\/wp-json\/wp\/v2\/media?parent=1227"}],"wp:term":[{"taxonomy":"product_cat","embeddable":true,"href":"https:\/\/www.cafesetthes.be\/WP\/wp-json\/wp\/v2\/product_cat?post=1227"},{"taxonomy":"product_tag","embeddable":true,"href":"https:\/\/www.cafesetthes.be\/WP\/wp-json\/wp\/v2\/product_tag?post=1227"}],"curies":[{"name":"wp","href":"https:\/\/api.w.org\/{rel}","templated":true}]}}