{"id":1241,"date":"2022-08-08T16:36:44","date_gmt":"2022-08-08T14:36:44","guid":{"rendered":"https:\/\/www.cafesetthes.be\/WP\/?post_type=product&#038;p=1241"},"modified":"2025-06-02T22:25:21","modified_gmt":"2025-06-02T20:25:21","slug":"the-blanc-langue-dange","status":"publish","type":"product","link":"https:\/\/www.cafesetthes.be\/WP\/product\/the-blanc-langue-dange\/","title":{"rendered":"Th\u00e9 blanc &#8220;Langue d&#8217;ange&#8221;"},"content":{"rendered":"<h2>Saveur<\/h2>\n<p>Bergamote-vanille<\/p>\n<h2>Ingr\u00e9dients<\/h2>\n<p>Th\u00e9 blanc*, ar\u00f4me naturel, fleurs de souci*, huile de bergamote*. * = de cultivation contr\u00f4l\u00e9e<\/p>\n<h2>Pr\u00e9paration<\/h2>\n<p>Dosage 12 g\/L<\/p>\n<p>Dur\u00e9e d&#8217;infusion: 1,5-2 min<\/p>\n<p>Temp\u00e9rature de l&#8217;eau: 100\u00b0C<\/p>\n","protected":false},"excerpt":{"rendered":"<p>Saveur Bergamote-vanille Ingr\u00e9dients Th\u00e9 blanc*, ar\u00f4me naturel, fleurs de souci*, huile de bergamote*. * = de cultivation contr\u00f4l\u00e9e Pr\u00e9paration Dosage 12 g\/L Dur\u00e9e d&#8217;infusion: 1,5-2 min Temp\u00e9rature de l&#8217;eau: 100\u00b0C<\/p>\n","protected":false},"featured_media":1334,"template":"","meta":{"spay_email":""},"product_cat":[30],"product_tag":[],"_links":{"self":[{"href":"https:\/\/www.cafesetthes.be\/WP\/wp-json\/wp\/v2\/product\/1241"}],"collection":[{"href":"https:\/\/www.cafesetthes.be\/WP\/wp-json\/wp\/v2\/product"}],"about":[{"href":"https:\/\/www.cafesetthes.be\/WP\/wp-json\/wp\/v2\/types\/product"}],"wp:featuredmedia":[{"embeddable":true,"href":"https:\/\/www.cafesetthes.be\/WP\/wp-json\/wp\/v2\/media\/1334"}],"wp:attachment":[{"href":"https:\/\/www.cafesetthes.be\/WP\/wp-json\/wp\/v2\/media?parent=1241"}],"wp:term":[{"taxonomy":"product_cat","embeddable":true,"href":"https:\/\/www.cafesetthes.be\/WP\/wp-json\/wp\/v2\/product_cat?post=1241"},{"taxonomy":"product_tag","embeddable":true,"href":"https:\/\/www.cafesetthes.be\/WP\/wp-json\/wp\/v2\/product_tag?post=1241"}],"curies":[{"name":"wp","href":"https:\/\/api.w.org\/{rel}","templated":true}]}}