{"id":1252,"date":"2022-08-08T17:03:42","date_gmt":"2022-08-08T15:03:42","guid":{"rendered":"https:\/\/www.cafesetthes.be\/WP\/?post_type=product&#038;p=1252"},"modified":"2025-03-08T13:27:49","modified_gmt":"2025-03-08T12:27:49","slug":"the-vert-et-noir-les-7-tresors-de-lempereur-bio","status":"publish","type":"product","link":"https:\/\/www.cafesetthes.be\/WP\/product\/the-vert-et-noir-les-7-tresors-de-lempereur-bio\/","title":{"rendered":"Th\u00e9 vert et noir &#8220;Les 7 tr\u00e9sors de l&#8217;empereur&#8221; BIO"},"content":{"rendered":"<h2>Saveur<\/h2>\n<p>P\u00eache<\/p>\n<h2>Ingr\u00e9dients<\/h2>\n<p>Th\u00e9 noir* (52%), th\u00e9 vert* (44%), ar\u00f4mes naturels, p\u00e9tales de rose rose*, souci*, *produits issus de l&#8217;agriculture biologique<\/p>\n<h2>Pr\u00e9paration<\/h2>\n<p>Dosage: 4-5 c. \u00e0 c.\/L<\/p>\n<p>Dur\u00e9e d&#8217;infusion: 2-3 min<\/p>\n<p>Temp\u00e9rature de l&#8217;eau: 100\u00b0C<\/p>\n","protected":false},"excerpt":{"rendered":"<p>Saveur P\u00eache Ingr\u00e9dients Th\u00e9 noir* (52%), th\u00e9 vert* (44%), ar\u00f4mes naturels, p\u00e9tales de rose rose*, souci*, *produits issus de l&#8217;agriculture biologique Pr\u00e9paration Dosage: 4-5 c. \u00e0 c.\/L Dur\u00e9e d&#8217;infusion: 2-3 min Temp\u00e9rature de l&#8217;eau: 100\u00b0C<\/p>\n","protected":false},"featured_media":1288,"template":"","meta":{"spay_email":""},"product_cat":[88],"product_tag":[],"_links":{"self":[{"href":"https:\/\/www.cafesetthes.be\/WP\/wp-json\/wp\/v2\/product\/1252"}],"collection":[{"href":"https:\/\/www.cafesetthes.be\/WP\/wp-json\/wp\/v2\/product"}],"about":[{"href":"https:\/\/www.cafesetthes.be\/WP\/wp-json\/wp\/v2\/types\/product"}],"wp:featuredmedia":[{"embeddable":true,"href":"https:\/\/www.cafesetthes.be\/WP\/wp-json\/wp\/v2\/media\/1288"}],"wp:attachment":[{"href":"https:\/\/www.cafesetthes.be\/WP\/wp-json\/wp\/v2\/media?parent=1252"}],"wp:term":[{"taxonomy":"product_cat","embeddable":true,"href":"https:\/\/www.cafesetthes.be\/WP\/wp-json\/wp\/v2\/product_cat?post=1252"},{"taxonomy":"product_tag","embeddable":true,"href":"https:\/\/www.cafesetthes.be\/WP\/wp-json\/wp\/v2\/product_tag?post=1252"}],"curies":[{"name":"wp","href":"https:\/\/api.w.org\/{rel}","templated":true}]}}