{"id":1294,"date":"2022-08-15T12:03:27","date_gmt":"2022-08-15T10:03:27","guid":{"rendered":"https:\/\/www.cafesetthes.be\/WP\/?post_type=product&#038;p=1294"},"modified":"2025-03-05T11:22:55","modified_gmt":"2025-03-05T10:22:55","slug":"solitaire-lutz","status":"publish","type":"product","link":"https:\/\/www.cafesetthes.be\/WP\/product\/solitaire-lutz\/","title":{"rendered":"Solitaire &#8220;Lutz&#8221;"},"content":{"rendered":"<h2>Contenances<\/h2>\n<p>Th\u00e9i\u00e8re: 400ml<\/p>\n<p>Tasse: 200ml<\/p>\n<h2>Mat\u00e9riau<\/h2>\n<p>C\u00e9ramique<\/p>\n","protected":false},"excerpt":{"rendered":"<p>&nbsp;<\/p>\n<p>Ce solitaire avec ses couleurs douces et son hibou sympathique vous fera d\u00e9guster votre th\u00e9 ou infusion avec bonheur. Set compos\u00e9 d&#8217;une th\u00e9i\u00e8re et de sa tasse assortie.<\/p>\n","protected":false},"featured_media":1295,"template":"","meta":{"spay_email":""},"product_cat":[38,89],"product_tag":[],"_links":{"self":[{"href":"https:\/\/www.cafesetthes.be\/WP\/wp-json\/wp\/v2\/product\/1294"}],"collection":[{"href":"https:\/\/www.cafesetthes.be\/WP\/wp-json\/wp\/v2\/product"}],"about":[{"href":"https:\/\/www.cafesetthes.be\/WP\/wp-json\/wp\/v2\/types\/product"}],"wp:featuredmedia":[{"embeddable":true,"href":"https:\/\/www.cafesetthes.be\/WP\/wp-json\/wp\/v2\/media\/1295"}],"wp:attachment":[{"href":"https:\/\/www.cafesetthes.be\/WP\/wp-json\/wp\/v2\/media?parent=1294"}],"wp:term":[{"taxonomy":"product_cat","embeddable":true,"href":"https:\/\/www.cafesetthes.be\/WP\/wp-json\/wp\/v2\/product_cat?post=1294"},{"taxonomy":"product_tag","embeddable":true,"href":"https:\/\/www.cafesetthes.be\/WP\/wp-json\/wp\/v2\/product_tag?post=1294"}],"curies":[{"name":"wp","href":"https:\/\/api.w.org\/{rel}","templated":true}]}}