{"id":1297,"date":"2022-08-15T12:08:46","date_gmt":"2022-08-15T10:08:46","guid":{"rendered":"https:\/\/www.cafesetthes.be\/WP\/?post_type=product&#038;p=1297"},"modified":"2025-03-05T11:22:33","modified_gmt":"2025-03-05T10:22:33","slug":"solitaire-bent","status":"publish","type":"product","link":"https:\/\/www.cafesetthes.be\/WP\/product\/solitaire-bent\/","title":{"rendered":"Solitaire &#8220;Loorea&#8221;"},"content":{"rendered":"<h2>Contenances<\/h2>\n<p>Th\u00e9i\u00e8re: 400 ml<\/p>\n<p>Tasse: 200 ml<\/p>\n<h2>Mat\u00e9riau<\/h2>\n<p>C\u00e9ramique, 4 pi\u00e8ces<\/p>\n<p>&nbsp;<\/p>\n","protected":false},"excerpt":{"rendered":"<p>&nbsp;<\/p>\n<p>Ce solitaire avec ses couleurs douces et son design discret vous fera d\u00e9guster votre th\u00e9 ou infusion avec bonheur. Set compos\u00e9 d&#8217;une th\u00e9i\u00e8re et de sa tasse assortie.<\/p>\n","protected":false},"featured_media":1298,"template":"","meta":{"spay_email":""},"product_cat":[38,89],"product_tag":[],"_links":{"self":[{"href":"https:\/\/www.cafesetthes.be\/WP\/wp-json\/wp\/v2\/product\/1297"}],"collection":[{"href":"https:\/\/www.cafesetthes.be\/WP\/wp-json\/wp\/v2\/product"}],"about":[{"href":"https:\/\/www.cafesetthes.be\/WP\/wp-json\/wp\/v2\/types\/product"}],"wp:featuredmedia":[{"embeddable":true,"href":"https:\/\/www.cafesetthes.be\/WP\/wp-json\/wp\/v2\/media\/1298"}],"wp:attachment":[{"href":"https:\/\/www.cafesetthes.be\/WP\/wp-json\/wp\/v2\/media?parent=1297"}],"wp:term":[{"taxonomy":"product_cat","embeddable":true,"href":"https:\/\/www.cafesetthes.be\/WP\/wp-json\/wp\/v2\/product_cat?post=1297"},{"taxonomy":"product_tag","embeddable":true,"href":"https:\/\/www.cafesetthes.be\/WP\/wp-json\/wp\/v2\/product_tag?post=1297"}],"curies":[{"name":"wp","href":"https:\/\/api.w.org\/{rel}","templated":true}]}}