{"id":1306,"date":"2022-08-15T12:47:20","date_gmt":"2022-08-15T10:47:20","guid":{"rendered":"https:\/\/www.cafesetthes.be\/WP\/?post_type=product&#038;p=1306"},"modified":"2025-06-02T22:25:21","modified_gmt":"2025-06-02T20:25:21","slug":"solitaire-cora","status":"publish","type":"product","link":"https:\/\/www.cafesetthes.be\/WP\/product\/solitaire-cora\/","title":{"rendered":"Solitaire &#8220;Cora&#8221;"},"content":{"rendered":"<h2>Contenances<\/h2>\n<p>Th\u00e9i\u00e8re: 400ml<\/p>\n<p>Tasse: 200ml<\/p>\n<h2>Mat\u00e9riau<\/h2>\n<p>C\u00e9ramique, 4 pi\u00e8ces<\/p>\n","protected":false},"excerpt":{"rendered":"<p>&nbsp;<\/p>\n<p>Ce solitaire avec ses tons fonc\u00e9s parsem\u00e9 de cercles au design plus clair vous fera d\u00e9guster votre th\u00e9 ou infusion avec bonheur. Set compos\u00e9 d&#8217;une th\u00e9i\u00e8re et de sa tasse assortie.<\/p>\n","protected":false},"featured_media":1307,"template":"","meta":{"spay_email":""},"product_cat":[38,89],"product_tag":[],"_links":{"self":[{"href":"https:\/\/www.cafesetthes.be\/WP\/wp-json\/wp\/v2\/product\/1306"}],"collection":[{"href":"https:\/\/www.cafesetthes.be\/WP\/wp-json\/wp\/v2\/product"}],"about":[{"href":"https:\/\/www.cafesetthes.be\/WP\/wp-json\/wp\/v2\/types\/product"}],"wp:featuredmedia":[{"embeddable":true,"href":"https:\/\/www.cafesetthes.be\/WP\/wp-json\/wp\/v2\/media\/1307"}],"wp:attachment":[{"href":"https:\/\/www.cafesetthes.be\/WP\/wp-json\/wp\/v2\/media?parent=1306"}],"wp:term":[{"taxonomy":"product_cat","embeddable":true,"href":"https:\/\/www.cafesetthes.be\/WP\/wp-json\/wp\/v2\/product_cat?post=1306"},{"taxonomy":"product_tag","embeddable":true,"href":"https:\/\/www.cafesetthes.be\/WP\/wp-json\/wp\/v2\/product_tag?post=1306"}],"curies":[{"name":"wp","href":"https:\/\/api.w.org\/{rel}","templated":true}]}}