{"id":1312,"date":"2022-08-15T12:59:20","date_gmt":"2022-08-15T10:59:20","guid":{"rendered":"https:\/\/www.cafesetthes.be\/WP\/?post_type=product&#038;p=1312"},"modified":"2023-02-03T14:03:09","modified_gmt":"2023-02-03T13:03:09","slug":"theiere-kirstine","status":"publish","type":"product","link":"https:\/\/www.cafesetthes.be\/WP\/product\/theiere-kirstine\/","title":{"rendered":"Th\u00e9i\u00e8re &#8220;Kirstine&#8221;"},"content":{"rendered":"<h2>Capacit\u00e9<\/h2>\n<p>1,1 L<\/p>\n<h2>Mat\u00e9riau<\/h2>\n<p>Verre<\/p>\n","protected":false},"excerpt":{"rendered":"<p>SOLDES 30%<\/p>\n<p>Cette th\u00e9i\u00e8re toute simple reste un classique dont on ne se lasse pas.<\/p>\n","protected":false},"featured_media":1313,"template":"","meta":{"spay_email":""},"product_cat":[38,66],"product_tag":[],"_links":{"self":[{"href":"https:\/\/www.cafesetthes.be\/WP\/wp-json\/wp\/v2\/product\/1312"}],"collection":[{"href":"https:\/\/www.cafesetthes.be\/WP\/wp-json\/wp\/v2\/product"}],"about":[{"href":"https:\/\/www.cafesetthes.be\/WP\/wp-json\/wp\/v2\/types\/product"}],"wp:featuredmedia":[{"embeddable":true,"href":"https:\/\/www.cafesetthes.be\/WP\/wp-json\/wp\/v2\/media\/1313"}],"wp:attachment":[{"href":"https:\/\/www.cafesetthes.be\/WP\/wp-json\/wp\/v2\/media?parent=1312"}],"wp:term":[{"taxonomy":"product_cat","embeddable":true,"href":"https:\/\/www.cafesetthes.be\/WP\/wp-json\/wp\/v2\/product_cat?post=1312"},{"taxonomy":"product_tag","embeddable":true,"href":"https:\/\/www.cafesetthes.be\/WP\/wp-json\/wp\/v2\/product_tag?post=1312"}],"curies":[{"name":"wp","href":"https:\/\/api.w.org\/{rel}","templated":true}]}}