{"id":1370,"date":"2022-08-17T13:21:46","date_gmt":"2022-08-17T11:21:46","guid":{"rendered":"https:\/\/www.cafesetthes.be\/WP\/?post_type=product&#038;p=1370"},"modified":"2025-03-05T11:20:55","modified_gmt":"2025-03-05T10:20:55","slug":"solitaire-atmosphere-rouge","status":"publish","type":"product","link":"https:\/\/www.cafesetthes.be\/WP\/product\/solitaire-atmosphere-rouge\/","title":{"rendered":"Solitaire &#8220;Atmosph\u00e8re&#8221; rouge"},"content":{"rendered":"<h2>Contenance<\/h2>\n<p>Th\u00e9i\u00e8re: 300ml<\/p>\n<p>Tasse: 300ml<\/p>\n<h2>Mat\u00e9riau<\/h2>\n<p>Porcelaine, 4 pi\u00e8ces<\/p>\n","protected":false},"excerpt":{"rendered":"<p>&nbsp;<\/p>\n<p>Ce solitaire aux dessins classiques vous fera d\u00e9guster votre th\u00e9 ou infusion avec bonheur. Set compos\u00e9 d&#8217;une th\u00e9i\u00e8re et de sa tasse assortie.<\/p>\n","protected":false},"featured_media":1371,"template":"","meta":{"spay_email":""},"product_cat":[38,89],"product_tag":[],"_links":{"self":[{"href":"https:\/\/www.cafesetthes.be\/WP\/wp-json\/wp\/v2\/product\/1370"}],"collection":[{"href":"https:\/\/www.cafesetthes.be\/WP\/wp-json\/wp\/v2\/product"}],"about":[{"href":"https:\/\/www.cafesetthes.be\/WP\/wp-json\/wp\/v2\/types\/product"}],"wp:featuredmedia":[{"embeddable":true,"href":"https:\/\/www.cafesetthes.be\/WP\/wp-json\/wp\/v2\/media\/1371"}],"wp:attachment":[{"href":"https:\/\/www.cafesetthes.be\/WP\/wp-json\/wp\/v2\/media?parent=1370"}],"wp:term":[{"taxonomy":"product_cat","embeddable":true,"href":"https:\/\/www.cafesetthes.be\/WP\/wp-json\/wp\/v2\/product_cat?post=1370"},{"taxonomy":"product_tag","embeddable":true,"href":"https:\/\/www.cafesetthes.be\/WP\/wp-json\/wp\/v2\/product_tag?post=1370"}],"curies":[{"name":"wp","href":"https:\/\/api.w.org\/{rel}","templated":true}]}}