{"id":1373,"date":"2022-08-17T13:29:07","date_gmt":"2022-08-17T11:29:07","guid":{"rendered":"https:\/\/www.cafesetthes.be\/WP\/?post_type=product&#038;p=1373"},"modified":"2024-11-24T16:38:54","modified_gmt":"2024-11-24T15:38:54","slug":"cuillere-a-the","status":"publish","type":"product","link":"https:\/\/www.cafesetthes.be\/WP\/product\/cuillere-a-the\/","title":{"rendered":"Cuill\u00e8re \u00e0 th\u00e9"},"content":{"rendered":"<h2>Mat\u00e9riau<\/h2>\n<p>Inox<\/p>\n","protected":false},"excerpt":{"rendered":"<p>Cette cuill\u00e8re portionneuse de th\u00e9, par sa longueur de 18 cm, est bien pratique.<\/p>\n","protected":false},"featured_media":1374,"template":"","meta":{"spay_email":""},"product_cat":[38],"product_tag":[],"_links":{"self":[{"href":"https:\/\/www.cafesetthes.be\/WP\/wp-json\/wp\/v2\/product\/1373"}],"collection":[{"href":"https:\/\/www.cafesetthes.be\/WP\/wp-json\/wp\/v2\/product"}],"about":[{"href":"https:\/\/www.cafesetthes.be\/WP\/wp-json\/wp\/v2\/types\/product"}],"wp:featuredmedia":[{"embeddable":true,"href":"https:\/\/www.cafesetthes.be\/WP\/wp-json\/wp\/v2\/media\/1374"}],"wp:attachment":[{"href":"https:\/\/www.cafesetthes.be\/WP\/wp-json\/wp\/v2\/media?parent=1373"}],"wp:term":[{"taxonomy":"product_cat","embeddable":true,"href":"https:\/\/www.cafesetthes.be\/WP\/wp-json\/wp\/v2\/product_cat?post=1373"},{"taxonomy":"product_tag","embeddable":true,"href":"https:\/\/www.cafesetthes.be\/WP\/wp-json\/wp\/v2\/product_tag?post=1373"}],"curies":[{"name":"wp","href":"https:\/\/api.w.org\/{rel}","templated":true}]}}