{"id":1377,"date":"2022-08-17T13:39:27","date_gmt":"2022-08-17T11:39:27","guid":{"rendered":"https:\/\/www.cafesetthes.be\/WP\/?post_type=product&#038;p=1377"},"modified":"2025-03-05T11:20:29","modified_gmt":"2025-03-05T10:20:29","slug":"infuseur-bambou","status":"publish","type":"product","link":"https:\/\/www.cafesetthes.be\/WP\/product\/infuseur-bambou\/","title":{"rendered":"Infuseur Bambou"},"content":{"rendered":"<h2>Capacit\u00e9<\/h2>\n<p>380ml<\/p>\n<h2>Mat\u00e9riaux<\/h2>\n<p>Corps et couvercle en bambou<\/p>\n<p>Filtre en acier inoxydable<\/p>\n","protected":false},"excerpt":{"rendered":"<p>&nbsp;<\/p>\n<p>Cet infuseur \u00e0 double paroi est \u00e0 emporter partout avec vous. Il est livr\u00e9 avec un tamis en acier inoxydable. Son rev\u00eatement en bambou lui apporte un cot\u00e9 chaleureux.<\/p>\n","protected":false},"featured_media":1378,"template":"","meta":{"spay_email":""},"product_cat":[38,64],"product_tag":[],"_links":{"self":[{"href":"https:\/\/www.cafesetthes.be\/WP\/wp-json\/wp\/v2\/product\/1377"}],"collection":[{"href":"https:\/\/www.cafesetthes.be\/WP\/wp-json\/wp\/v2\/product"}],"about":[{"href":"https:\/\/www.cafesetthes.be\/WP\/wp-json\/wp\/v2\/types\/product"}],"wp:featuredmedia":[{"embeddable":true,"href":"https:\/\/www.cafesetthes.be\/WP\/wp-json\/wp\/v2\/media\/1378"}],"wp:attachment":[{"href":"https:\/\/www.cafesetthes.be\/WP\/wp-json\/wp\/v2\/media?parent=1377"}],"wp:term":[{"taxonomy":"product_cat","embeddable":true,"href":"https:\/\/www.cafesetthes.be\/WP\/wp-json\/wp\/v2\/product_cat?post=1377"},{"taxonomy":"product_tag","embeddable":true,"href":"https:\/\/www.cafesetthes.be\/WP\/wp-json\/wp\/v2\/product_tag?post=1377"}],"curies":[{"name":"wp","href":"https:\/\/api.w.org\/{rel}","templated":true}]}}