{"id":1380,"date":"2022-08-18T08:23:16","date_gmt":"2022-08-18T06:23:16","guid":{"rendered":"https:\/\/www.cafesetthes.be\/WP\/?post_type=product&#038;p=1380"},"modified":"2025-11-01T12:15:11","modified_gmt":"2025-11-01T11:15:11","slug":"rwanda-nyamasheke","status":"publish","type":"product","link":"https:\/\/www.cafesetthes.be\/WP\/product\/rwanda-nyamasheke\/","title":{"rendered":"Rwanda Nyamasheke"},"content":{"rendered":"<h2>Saveur<\/h2>\n<p>Le Rwanda Nyamasheke a un l\u00e9ger\u00a0<b>accent de th\u00e9 noir<\/b>. Il a une <strong>note fruit\u00e9e<\/strong> qui rappelle la\u00a0pomme\u00a0et le\u00a0raisin\u00a0sec et convainc par une douceur l\u00e9g\u00e8re et sirupeuse<b>\u00a0qui caresse les papilles.<\/b><\/p>\n","protected":false},"excerpt":{"rendered":"<p>Dans les for\u00eats de haute montagne, qui s&#8217;\u00e9l\u00e8vent \u00e0 l&#8217;ouest, le sol est parfait pour la culture du caf\u00e9 gr\u00e2ce aux volcans. \u00c0 une altitude de 1 700 \u00e0 2 100 m\u00e8tres, le caf\u00e9 Red Bourbon est cultiv\u00e9 ici par de nombreux petits agriculteurs et est ensuite lav\u00e9 \u00e0 l&#8217;eau de source. Les agriculteurs sont soutenus par la coop\u00e9rative &#8220;Abizeraba&#8221; pour la culture et la r\u00e9colte.<\/p>\n","protected":false},"featured_media":138,"template":"","meta":{"spay_email":""},"product_cat":[54],"product_tag":[],"_links":{"self":[{"href":"https:\/\/www.cafesetthes.be\/WP\/wp-json\/wp\/v2\/product\/1380"}],"collection":[{"href":"https:\/\/www.cafesetthes.be\/WP\/wp-json\/wp\/v2\/product"}],"about":[{"href":"https:\/\/www.cafesetthes.be\/WP\/wp-json\/wp\/v2\/types\/product"}],"wp:featuredmedia":[{"embeddable":true,"href":"https:\/\/www.cafesetthes.be\/WP\/wp-json\/wp\/v2\/media\/138"}],"wp:attachment":[{"href":"https:\/\/www.cafesetthes.be\/WP\/wp-json\/wp\/v2\/media?parent=1380"}],"wp:term":[{"taxonomy":"product_cat","embeddable":true,"href":"https:\/\/www.cafesetthes.be\/WP\/wp-json\/wp\/v2\/product_cat?post=1380"},{"taxonomy":"product_tag","embeddable":true,"href":"https:\/\/www.cafesetthes.be\/WP\/wp-json\/wp\/v2\/product_tag?post=1380"}],"curies":[{"name":"wp","href":"https:\/\/api.w.org\/{rel}","templated":true}]}}