{"id":1395,"date":"2022-08-18T16:34:45","date_gmt":"2022-08-18T14:34:45","guid":{"rendered":"https:\/\/www.cafesetthes.be\/WP\/?post_type=product&#038;p=1395"},"modified":"2025-06-16T15:31:56","modified_gmt":"2025-06-16T13:31:56","slug":"assortiment-de-cafes-en-grains","status":"publish","type":"product","link":"https:\/\/www.cafesetthes.be\/WP\/product\/assortiment-de-cafes-en-grains\/","title":{"rendered":"Assortiment de caf\u00e9s en grains"},"content":{"rendered":"<h2>Contenu<\/h2>\n<p>10 paquets de 125g<\/p>\n<p>Mix 1: Honduras Copantillo, Tanzanie &#8220;Kilimandjaro&#8221;, Guatemala &#8220;Lampocoy&#8221;, Espresso &#8220;Star of Italy&#8221;, Costa Rica &#8220;Tarrazu&#8221; Volcan Azul, Cuba &#8220;Turquino&#8221;, Inde &#8220;Harley Estate&#8221;, Ethiope Sidamo &#8220;Dream of Africa&#8221;, Malawi et Indon\u00e9sie West Blue Java.<\/p>\n<p>Mix 2: Tha\u00eflande Pang Khon Mystic Hilltribe, Nicaragua &#8220;Caf\u00e9 Fleurs&#8221;, Colombie Supremo &#8220;La Ce\u00efba&#8221;, Br\u00e9sil &#8220;Fazanda Lagoa&#8221;, P\u00e9rou &#8220;Finca Rosenheim&#8221;, Espresso n\u00b03, Papouasie Nouvelle-Guin\u00e9e Sigri Estate PB, Kenya &#8220;Kiundi&#8221;, Myanmar &#8220;Shan Estate&#8221; et Rwanda Nyamasheke.<\/p>\n","protected":false},"excerpt":{"rendered":"<p>Retrouvez une dizaine de caf\u00e9s dans chaque assortiment. Le plus difficile sera de choisir&#8230;<\/p>\n","protected":false},"featured_media":138,"template":"","meta":{"spay_email":""},"product_cat":[54],"product_tag":[],"_links":{"self":[{"href":"https:\/\/www.cafesetthes.be\/WP\/wp-json\/wp\/v2\/product\/1395"}],"collection":[{"href":"https:\/\/www.cafesetthes.be\/WP\/wp-json\/wp\/v2\/product"}],"about":[{"href":"https:\/\/www.cafesetthes.be\/WP\/wp-json\/wp\/v2\/types\/product"}],"wp:featuredmedia":[{"embeddable":true,"href":"https:\/\/www.cafesetthes.be\/WP\/wp-json\/wp\/v2\/media\/138"}],"wp:attachment":[{"href":"https:\/\/www.cafesetthes.be\/WP\/wp-json\/wp\/v2\/media?parent=1395"}],"wp:term":[{"taxonomy":"product_cat","embeddable":true,"href":"https:\/\/www.cafesetthes.be\/WP\/wp-json\/wp\/v2\/product_cat?post=1395"},{"taxonomy":"product_tag","embeddable":true,"href":"https:\/\/www.cafesetthes.be\/WP\/wp-json\/wp\/v2\/product_tag?post=1395"}],"curies":[{"name":"wp","href":"https:\/\/api.w.org\/{rel}","templated":true}]}}