{"id":1423,"date":"2022-10-08T12:44:03","date_gmt":"2022-10-08T10:44:03","guid":{"rendered":"https:\/\/www.cafesetthes.be\/WP\/?post_type=product&#038;p=1423"},"modified":"2025-06-24T13:07:27","modified_gmt":"2025-06-24T11:07:27","slug":"infusion-melange-fruite-de-noel","status":"publish","type":"product","link":"https:\/\/www.cafesetthes.be\/WP\/product\/infusion-melange-fruite-de-noel\/","title":{"rendered":"Infusion &#8220;M\u00e9lange fruit\u00e9 de No\u00eal&#8221;"},"content":{"rendered":"<h2>Saveur<\/h2>\n<p>Cannelle-orange<\/p>\n<h2>Ingr\u00e9dients<\/h2>\n<p>Pomme, hibiscus, cynorrhodon, AMANDE, b\u00e2tons de cannelle, morceaux de cannelle, ar\u00f4me, p\u00e9tales de rose, boutons de rose, clous de girofle, morceaux d\u2019orange.<\/p>\n<h2>Pr\u00e9paration<\/h2>\n<p>Dosage : 15-20g\/L<\/p>\n<p>Dur\u00e9e infusion : 10-12min.<\/p>\n<p>Temp\u00e9rature de l&#8217;eau : 100\u00b0C<\/p>\n","protected":false},"excerpt":{"rendered":"<p>Saveur Cannelle-orange Ingr\u00e9dients Pomme, hibiscus, cynorrhodon, AMANDE, b\u00e2tons de cannelle, morceaux de cannelle, ar\u00f4me, p\u00e9tales de rose, boutons de rose, clous de girofle, morceaux d\u2019orange. Pr\u00e9paration Dosage : 15-20g\/L Dur\u00e9e infusion : 10-12min. Temp\u00e9rature de l&#8217;eau : 100\u00b0C<\/p>\n","protected":false},"featured_media":1428,"template":"","meta":{"spay_email":""},"product_cat":[34],"product_tag":[],"_links":{"self":[{"href":"https:\/\/www.cafesetthes.be\/WP\/wp-json\/wp\/v2\/product\/1423"}],"collection":[{"href":"https:\/\/www.cafesetthes.be\/WP\/wp-json\/wp\/v2\/product"}],"about":[{"href":"https:\/\/www.cafesetthes.be\/WP\/wp-json\/wp\/v2\/types\/product"}],"wp:featuredmedia":[{"embeddable":true,"href":"https:\/\/www.cafesetthes.be\/WP\/wp-json\/wp\/v2\/media\/1428"}],"wp:attachment":[{"href":"https:\/\/www.cafesetthes.be\/WP\/wp-json\/wp\/v2\/media?parent=1423"}],"wp:term":[{"taxonomy":"product_cat","embeddable":true,"href":"https:\/\/www.cafesetthes.be\/WP\/wp-json\/wp\/v2\/product_cat?post=1423"},{"taxonomy":"product_tag","embeddable":true,"href":"https:\/\/www.cafesetthes.be\/WP\/wp-json\/wp\/v2\/product_tag?post=1423"}],"curies":[{"name":"wp","href":"https:\/\/api.w.org\/{rel}","templated":true}]}}