{"id":1434,"date":"2022-10-08T14:30:47","date_gmt":"2022-10-08T12:30:47","guid":{"rendered":"https:\/\/www.cafesetthes.be\/WP\/?post_type=product&#038;p=1434"},"modified":"2025-11-21T11:40:49","modified_gmt":"2025-11-21T10:40:49","slug":"infusion-nuage-damandes","status":"publish","type":"product","link":"https:\/\/www.cafesetthes.be\/WP\/product\/infusion-nuage-damandes\/","title":{"rendered":"Infusion &#8220;Nuage d&#8217;amandes&#8221;"},"content":{"rendered":"<h2>Saveur<\/h2>\n<p>Amande grill\u00e9e<\/p>\n<h2>Ingr\u00e9dients<\/h2>\n<p>Pomme, ananas (ananas, sucre), papaye (papaye, sucre), raisin (raisin, huile v\u00e9g\u00e9tale), coco (coco, graisse de coco, sucre), betterave rouge, b\u00e2tons de cannelle, ar\u00f4me, AMANDE (2%), pop-corn.<\/p>\n<h2>Pr\u00e9paration<\/h2>\n<p>Dosage : 15-20g\/L<\/p>\n<p>Dur\u00e9e infusion : 10-12min.<\/p>\n<p>Temp\u00e9rature de l&#8217;eau : 100\u00b0C<\/p>\n","protected":false},"excerpt":{"rendered":"<p>Saveur Amande grill\u00e9e Ingr\u00e9dients Pomme, ananas (ananas, sucre), papaye (papaye, sucre), raisin (raisin, huile v\u00e9g\u00e9tale), coco (coco, graisse de coco, sucre), betterave rouge, b\u00e2tons de cannelle, ar\u00f4me, AMANDE (2%), pop-corn. Pr\u00e9paration Dosage : 15-20g\/L Dur\u00e9e infusion : 10-12min. Temp\u00e9rature de l&#8217;eau : 100\u00b0C<\/p>\n","protected":false},"featured_media":1437,"template":"","meta":{"spay_email":""},"product_cat":[34,94],"product_tag":[],"_links":{"self":[{"href":"https:\/\/www.cafesetthes.be\/WP\/wp-json\/wp\/v2\/product\/1434"}],"collection":[{"href":"https:\/\/www.cafesetthes.be\/WP\/wp-json\/wp\/v2\/product"}],"about":[{"href":"https:\/\/www.cafesetthes.be\/WP\/wp-json\/wp\/v2\/types\/product"}],"wp:featuredmedia":[{"embeddable":true,"href":"https:\/\/www.cafesetthes.be\/WP\/wp-json\/wp\/v2\/media\/1437"}],"wp:attachment":[{"href":"https:\/\/www.cafesetthes.be\/WP\/wp-json\/wp\/v2\/media?parent=1434"}],"wp:term":[{"taxonomy":"product_cat","embeddable":true,"href":"https:\/\/www.cafesetthes.be\/WP\/wp-json\/wp\/v2\/product_cat?post=1434"},{"taxonomy":"product_tag","embeddable":true,"href":"https:\/\/www.cafesetthes.be\/WP\/wp-json\/wp\/v2\/product_tag?post=1434"}],"curies":[{"name":"wp","href":"https:\/\/api.w.org\/{rel}","templated":true}]}}