{"id":1438,"date":"2022-10-08T14:36:25","date_gmt":"2022-10-08T12:36:25","guid":{"rendered":"https:\/\/www.cafesetthes.be\/WP\/?post_type=product&#038;p=1438"},"modified":"2025-11-02T18:21:21","modified_gmt":"2025-11-02T17:21:21","slug":"infusion-vin-chaud-magique-des-caraibes","status":"publish","type":"product","link":"https:\/\/www.cafesetthes.be\/WP\/product\/infusion-vin-chaud-magique-des-caraibes\/","title":{"rendered":"Infusion &#8220;Vin chaud magique des Cara\u00efbes&#8221;"},"content":{"rendered":"<h2>Saveur<\/h2>\n<p>Vin chaud<\/p>\n<h2>Ingr\u00e9dients<\/h2>\n<p>Pomme, ananas (ananas, sucre), coco (coco, graisse de coco, sucre), cynorrhodon, mangue (mangue, sucre), b\u00e2tons de cannelle, papaye (papaye, sucre), gingembre, \u00e9corces de mandarine, ar\u00f4me naturel, morceaux d&#8217;orange, clou de girofle.<\/p>\n<h2>Pr\u00e9paration<\/h2>\n<p>Dosage : 15-20g\/L<\/p>\n<p>Dur\u00e9e infusion : 10-12min.<\/p>\n<p>Temp\u00e9rature de l&#8217;eau : 100\u00b0C<\/p>\n","protected":false},"excerpt":{"rendered":"<p>Saveur Vin chaud Ingr\u00e9dients Pomme, ananas (ananas, sucre), coco (coco, graisse de coco, sucre), cynorrhodon, mangue (mangue, sucre), b\u00e2tons de cannelle, papaye (papaye, sucre), gingembre, \u00e9corces de mandarine, ar\u00f4me naturel, morceaux d&#8217;orange, clou de girofle. Pr\u00e9paration Dosage : 15-20g\/L Dur\u00e9e infusion : 10-12min. Temp\u00e9rature de l&#8217;eau : 100\u00b0C<\/p>\n","protected":false},"featured_media":1441,"template":"","meta":{"spay_email":""},"product_cat":[34,94],"product_tag":[],"_links":{"self":[{"href":"https:\/\/www.cafesetthes.be\/WP\/wp-json\/wp\/v2\/product\/1438"}],"collection":[{"href":"https:\/\/www.cafesetthes.be\/WP\/wp-json\/wp\/v2\/product"}],"about":[{"href":"https:\/\/www.cafesetthes.be\/WP\/wp-json\/wp\/v2\/types\/product"}],"wp:featuredmedia":[{"embeddable":true,"href":"https:\/\/www.cafesetthes.be\/WP\/wp-json\/wp\/v2\/media\/1441"}],"wp:attachment":[{"href":"https:\/\/www.cafesetthes.be\/WP\/wp-json\/wp\/v2\/media?parent=1438"}],"wp:term":[{"taxonomy":"product_cat","embeddable":true,"href":"https:\/\/www.cafesetthes.be\/WP\/wp-json\/wp\/v2\/product_cat?post=1438"},{"taxonomy":"product_tag","embeddable":true,"href":"https:\/\/www.cafesetthes.be\/WP\/wp-json\/wp\/v2\/product_tag?post=1438"}],"curies":[{"name":"wp","href":"https:\/\/api.w.org\/{rel}","templated":true}]}}