{"id":1442,"date":"2022-10-08T14:40:48","date_gmt":"2022-10-08T12:40:48","guid":{"rendered":"https:\/\/www.cafesetthes.be\/WP\/?post_type=product&#038;p=1442"},"modified":"2025-11-02T18:22:01","modified_gmt":"2025-11-02T17:22:01","slug":"infusion-pain-depices","status":"publish","type":"product","link":"https:\/\/www.cafesetthes.be\/WP\/product\/infusion-pain-depices\/","title":{"rendered":"Infusion &#8220;Pain d&#8217;\u00e9pices&#8221;"},"content":{"rendered":"<h2>Saveur<\/h2>\n<p>Pain d&#8217;\u00e9pices<\/p>\n<h2>Ingr\u00e9dients<\/h2>\n<p>Pomme, morceaux de cannelle, mangue (mangue, sucre), hibiscus, ananas (ananas, sucre), badiane cass\u00e9e, f\u00e8ves de cacao concass\u00e9es, \u00e9corces d&#8217;orange, ar\u00f4me, morceaux d&#8217;orange, clous de girofle, cardamome moulue, \u00e9pices (coriandre, cumin, fenouil, anis, noix de muscade), vanille bourbon.<\/p>\n<h2>Pr\u00e9paration<\/h2>\n<p>Dosage : 15-20g\/L<\/p>\n<p>Dur\u00e9e infusion : 10-12min.<\/p>\n<p>Temp\u00e9rature de l&#8217;eau : 100\u00b0C<\/p>\n","protected":false},"excerpt":{"rendered":"<p>Saveur Pain d&#8217;\u00e9pices Ingr\u00e9dients Pomme, morceaux de cannelle, mangue (mangue, sucre), hibiscus, ananas (ananas, sucre), badiane cass\u00e9e, f\u00e8ves de cacao concass\u00e9es, \u00e9corces d&#8217;orange, ar\u00f4me, morceaux d&#8217;orange, clous de girofle, cardamome moulue, \u00e9pices (coriandre, cumin, fenouil, anis, noix de muscade), vanille bourbon. Pr\u00e9paration Dosage : 15-20g\/L Dur\u00e9e infusion : 10-12min. Temp\u00e9rature de l&#8217;eau : 100\u00b0C<\/p>\n","protected":false},"featured_media":1445,"template":"","meta":{"spay_email":""},"product_cat":[34],"product_tag":[],"_links":{"self":[{"href":"https:\/\/www.cafesetthes.be\/WP\/wp-json\/wp\/v2\/product\/1442"}],"collection":[{"href":"https:\/\/www.cafesetthes.be\/WP\/wp-json\/wp\/v2\/product"}],"about":[{"href":"https:\/\/www.cafesetthes.be\/WP\/wp-json\/wp\/v2\/types\/product"}],"wp:featuredmedia":[{"embeddable":true,"href":"https:\/\/www.cafesetthes.be\/WP\/wp-json\/wp\/v2\/media\/1445"}],"wp:attachment":[{"href":"https:\/\/www.cafesetthes.be\/WP\/wp-json\/wp\/v2\/media?parent=1442"}],"wp:term":[{"taxonomy":"product_cat","embeddable":true,"href":"https:\/\/www.cafesetthes.be\/WP\/wp-json\/wp\/v2\/product_cat?post=1442"},{"taxonomy":"product_tag","embeddable":true,"href":"https:\/\/www.cafesetthes.be\/WP\/wp-json\/wp\/v2\/product_tag?post=1442"}],"curies":[{"name":"wp","href":"https:\/\/api.w.org\/{rel}","templated":true}]}}