{"id":1518,"date":"2024-11-24T15:54:00","date_gmt":"2024-11-24T14:54:00","guid":{"rendered":"https:\/\/www.cafesetthes.be\/WP\/?post_type=product&#038;p=1518"},"modified":"2026-01-14T14:45:00","modified_gmt":"2026-01-14T13:45:00","slug":"infusion-biscuit-au-massepain","status":"publish","type":"product","link":"https:\/\/www.cafesetthes.be\/WP\/product\/infusion-biscuit-au-massepain\/","title":{"rendered":"Infusion &#8220;Biscuit au massepain&#8221;"},"content":{"rendered":"<h2>Saveur<\/h2>\n<p>P\u00e2te d&#8217;amandes-cr\u00e8me<\/p>\n<h2>Ingr\u00e9dients<\/h2>\n<p>Coco r\u00e2p\u00e9e, cubes d\u00b4ananas (ananas, sucre, agent acidifiant: acide citrique), Rooibos, pommes en cube, ar\u00f4me, granules de yaourt lyophilis\u00e9e (yaourt demi-\u00e9cr\u00e9m\u00e9, sucre, maltodextrine, amidon modifi\u00e9, acidifiant: acide citrique), gouttes de massepain lyophilis\u00e9 (amandes, sucre, humectant: invertase), poivre rose.<\/p>\n<h2>Pr\u00e9paration<\/h2>\n<p>Dosage : 15-20g\/L<\/p>\n<p>Dur\u00e9e infusion : 10-12min.<\/p>\n<p>Temp\u00e9rature de l\u2019eau : 100\u00b0C<\/p>\n","protected":false},"excerpt":{"rendered":"<p>Saveur P\u00e2te d&#8217;amandes-cr\u00e8me Ingr\u00e9dients Coco r\u00e2p\u00e9e, cubes d\u00b4ananas (ananas, sucre, agent acidifiant: acide citrique), Rooibos, pommes en cube, ar\u00f4me, granules de yaourt lyophilis\u00e9e (yaourt demi-\u00e9cr\u00e9m\u00e9, sucre, maltodextrine, amidon modifi\u00e9, acidifiant: acide citrique), gouttes de massepain lyophilis\u00e9 (amandes, sucre, humectant: invertase), poivre rose. Pr\u00e9paration Dosage : 15-20g\/L Dur\u00e9e infusion : 10-12min. Temp\u00e9rature de l\u2019eau : 100\u00b0C<\/p>\n","protected":false},"featured_media":1519,"template":"","meta":{"spay_email":""},"product_cat":[34,94],"product_tag":[],"_links":{"self":[{"href":"https:\/\/www.cafesetthes.be\/WP\/wp-json\/wp\/v2\/product\/1518"}],"collection":[{"href":"https:\/\/www.cafesetthes.be\/WP\/wp-json\/wp\/v2\/product"}],"about":[{"href":"https:\/\/www.cafesetthes.be\/WP\/wp-json\/wp\/v2\/types\/product"}],"wp:featuredmedia":[{"embeddable":true,"href":"https:\/\/www.cafesetthes.be\/WP\/wp-json\/wp\/v2\/media\/1519"}],"wp:attachment":[{"href":"https:\/\/www.cafesetthes.be\/WP\/wp-json\/wp\/v2\/media?parent=1518"}],"wp:term":[{"taxonomy":"product_cat","embeddable":true,"href":"https:\/\/www.cafesetthes.be\/WP\/wp-json\/wp\/v2\/product_cat?post=1518"},{"taxonomy":"product_tag","embeddable":true,"href":"https:\/\/www.cafesetthes.be\/WP\/wp-json\/wp\/v2\/product_tag?post=1518"}],"curies":[{"name":"wp","href":"https:\/\/api.w.org\/{rel}","templated":true}]}}