{"id":1522,"date":"2024-11-24T16:06:32","date_gmt":"2024-11-24T15:06:32","guid":{"rendered":"https:\/\/www.cafesetthes.be\/WP\/?post_type=product&#038;p=1522"},"modified":"2025-11-01T12:14:59","modified_gmt":"2025-11-01T11:14:59","slug":"congo-coopade-kivu-3-bio","status":"publish","type":"product","link":"https:\/\/www.cafesetthes.be\/WP\/product\/congo-coopade-kivu-3-bio\/","title":{"rendered":"Congo &#8220;Coopade Kivu 3&#8221; BIO"},"content":{"rendered":"<h2>Saveur<\/h2>\n<p>Kivu 3 a un\u00a0<strong>corps cr\u00e9meux<\/strong>\u00a0avec une\u00a0<strong>acidit\u00e9 claire\u00a0<\/strong>et\u00a0<strong>fruit\u00e9e<\/strong>. Cet excellent caf\u00e9 est soulign\u00e9 par une d\u00e9licate note\u00a0<strong>citronn\u00e9e<\/strong>\u00a0et des notes\u00a0<strong>chocolat\u00e9es<\/strong>\u00a0et\u00a0<strong>noisett\u00e9es<\/strong> en finale.<\/p>\n","protected":false},"excerpt":{"rendered":"<p>Dans les montagnes de Kyondo, dans l&#8217;est du Congo, pr\u00e8s du parc national des Virunga et du lac Edward, se trouve la COOPADE COOP. Il est compos\u00e9 de 2 127 petits exploitants agricoles, dont 40 % (850) sont des femmes. L&#8217;organisation est soutenue par des agronomes et des experts en d\u00e9veloppement rural, des avocats, des comptables et des informaticiens. Sa mission est claire : lutter contre le ch\u00f4mage et la pauvret\u00e9 et promouvoir une paix durable dans la r\u00e9gion du Kivu et ses environs. De nombreuses vari\u00e9t\u00e9s de caf\u00e9 sont cultiv\u00e9es au Congo. Le robusta est le plus cultiv\u00e9, principalement dans le nord-ouest du pays, dans les r\u00e9gions d&#8217;Isiro et les plaines d&#8217;Ubangi, Uele, Kasai. L&#8217;arabica, de meilleure qualit\u00e9, provient des hauts plateaux du Kivu et de l&#8217;Ituri.<\/p>\n","protected":false},"featured_media":138,"template":"","meta":{"spay_email":""},"product_cat":[54],"product_tag":[],"_links":{"self":[{"href":"https:\/\/www.cafesetthes.be\/WP\/wp-json\/wp\/v2\/product\/1522"}],"collection":[{"href":"https:\/\/www.cafesetthes.be\/WP\/wp-json\/wp\/v2\/product"}],"about":[{"href":"https:\/\/www.cafesetthes.be\/WP\/wp-json\/wp\/v2\/types\/product"}],"wp:featuredmedia":[{"embeddable":true,"href":"https:\/\/www.cafesetthes.be\/WP\/wp-json\/wp\/v2\/media\/138"}],"wp:attachment":[{"href":"https:\/\/www.cafesetthes.be\/WP\/wp-json\/wp\/v2\/media?parent=1522"}],"wp:term":[{"taxonomy":"product_cat","embeddable":true,"href":"https:\/\/www.cafesetthes.be\/WP\/wp-json\/wp\/v2\/product_cat?post=1522"},{"taxonomy":"product_tag","embeddable":true,"href":"https:\/\/www.cafesetthes.be\/WP\/wp-json\/wp\/v2\/product_tag?post=1522"}],"curies":[{"name":"wp","href":"https:\/\/api.w.org\/{rel}","templated":true}]}}