{"id":1523,"date":"2024-11-24T16:18:12","date_gmt":"2024-11-24T15:18:12","guid":{"rendered":"https:\/\/www.cafesetthes.be\/WP\/?post_type=product&#038;p=1523"},"modified":"2025-12-04T10:28:40","modified_gmt":"2025-12-04T09:28:40","slug":"sumatra-mandheling-bio","status":"publish","type":"product","link":"https:\/\/www.cafesetthes.be\/WP\/product\/sumatra-mandheling-bio\/","title":{"rendered":"Sumatra &#8220;Mandheling&#8221; BIO"},"content":{"rendered":"<h2>Saveur<\/h2>\n<p>Le caf\u00e9 Sumatra bio se distingue par son go\u00fbt inhabituellement\u00a0<strong>\u00e9pic\u00e9<\/strong>\u00a0et pourtant\u00a0<strong>fruit\u00e9<\/strong>. Dans la tasse, il pr\u00e9sente un profil de go\u00fbt\u00a0<strong>cors\u00e9<\/strong>, marqu\u00e9 par des herbes\u00a0<strong>puissantes<\/strong>, un soup\u00e7on de chocolat noir et une\u00a0<strong>douceur<\/strong>\u00a0qui rappelle le miel ou le sirop.<\/p>\n","protected":false},"excerpt":{"rendered":"<p>Le &#8220;Bur Ni Telong\u201c se trouve dans la province d&#8217;Aceh, au nord de Sumatra. Ici, \u00e0 une altitude comprise entre 1.200 m et 1.700 m, on peut rencontrer, outre les orangs-outans, des plantations ombrag\u00e9es qui produisent ce caf\u00e9 BIO dans le respect de conditions strictes. Seules les plus belles cerises de caf\u00e9 sont cueillies puis s\u00e9ch\u00e9es au soleil.<\/p>\n","protected":false},"featured_media":138,"template":"","meta":{"spay_email":""},"product_cat":[54],"product_tag":[],"_links":{"self":[{"href":"https:\/\/www.cafesetthes.be\/WP\/wp-json\/wp\/v2\/product\/1523"}],"collection":[{"href":"https:\/\/www.cafesetthes.be\/WP\/wp-json\/wp\/v2\/product"}],"about":[{"href":"https:\/\/www.cafesetthes.be\/WP\/wp-json\/wp\/v2\/types\/product"}],"wp:featuredmedia":[{"embeddable":true,"href":"https:\/\/www.cafesetthes.be\/WP\/wp-json\/wp\/v2\/media\/138"}],"wp:attachment":[{"href":"https:\/\/www.cafesetthes.be\/WP\/wp-json\/wp\/v2\/media?parent=1523"}],"wp:term":[{"taxonomy":"product_cat","embeddable":true,"href":"https:\/\/www.cafesetthes.be\/WP\/wp-json\/wp\/v2\/product_cat?post=1523"},{"taxonomy":"product_tag","embeddable":true,"href":"https:\/\/www.cafesetthes.be\/WP\/wp-json\/wp\/v2\/product_tag?post=1523"}],"curies":[{"name":"wp","href":"https:\/\/api.w.org\/{rel}","templated":true}]}}