{"id":1524,"date":"2024-11-24T16:26:11","date_gmt":"2024-11-24T15:26:11","guid":{"rendered":"https:\/\/www.cafesetthes.be\/WP\/?post_type=product&#038;p=1524"},"modified":"2025-11-01T12:14:28","modified_gmt":"2025-11-01T11:14:28","slug":"perou-pacha-mama-bio","status":"publish","type":"product","link":"https:\/\/www.cafesetthes.be\/WP\/product\/perou-pacha-mama-bio\/","title":{"rendered":"P\u00e9rou &#8220;Pacha Mama&#8221; BIO"},"content":{"rendered":"<h2>Saveur<\/h2>\n<p>Ici, un ar\u00f4me de chocolat au caramel et aux noix se combine avec un soup\u00e7on d&#8217;amande et une note l\u00e9g\u00e8rement fruit\u00e9e. Un corps \u00e9quilibr\u00e9, un ar\u00f4me persistant et une finale soyeuse.<\/p>\n","protected":false},"excerpt":{"rendered":"<p>\u00c0 des altitudes allant jusqu&#8217;\u00e0 1820 m\u00e8tres, environ 60 familles d&#8217;un village de la r\u00e9gion de Chanchamayo cultivent de riches caf\u00e9iers. Cette r\u00e9gion fait partie des meilleures zones de culture du P\u00e9rou. \u00c0 cette altitude, les cerises de caf\u00e9 m\u00fbrissent plus lentement, mais d\u00e9veloppent ainsi davantage d&#8217;ar\u00f4mes et une douceur naturelle. Le &#8220;commerce direct&#8221; permet d&#8217;obtenir des prix \u00e9quitables pour les cultivateurs locaux, qui d\u00e9passent non seulement les prix du march\u00e9 mondial, mais aussi ceux du &#8220;commerce \u00e9quitable&#8221;. En outre, des projets sociaux pour l&#8217;environnement, la sant\u00e9 et l&#8217;\u00e9ducation sont encourag\u00e9s sur place.<\/p>\n","protected":false},"featured_media":138,"template":"","meta":{"spay_email":""},"product_cat":[54],"product_tag":[],"_links":{"self":[{"href":"https:\/\/www.cafesetthes.be\/WP\/wp-json\/wp\/v2\/product\/1524"}],"collection":[{"href":"https:\/\/www.cafesetthes.be\/WP\/wp-json\/wp\/v2\/product"}],"about":[{"href":"https:\/\/www.cafesetthes.be\/WP\/wp-json\/wp\/v2\/types\/product"}],"wp:featuredmedia":[{"embeddable":true,"href":"https:\/\/www.cafesetthes.be\/WP\/wp-json\/wp\/v2\/media\/138"}],"wp:attachment":[{"href":"https:\/\/www.cafesetthes.be\/WP\/wp-json\/wp\/v2\/media?parent=1524"}],"wp:term":[{"taxonomy":"product_cat","embeddable":true,"href":"https:\/\/www.cafesetthes.be\/WP\/wp-json\/wp\/v2\/product_cat?post=1524"},{"taxonomy":"product_tag","embeddable":true,"href":"https:\/\/www.cafesetthes.be\/WP\/wp-json\/wp\/v2\/product_tag?post=1524"}],"curies":[{"name":"wp","href":"https:\/\/api.w.org\/{rel}","templated":true}]}}