{"id":1525,"date":"2024-11-27T08:11:35","date_gmt":"2024-11-27T07:11:35","guid":{"rendered":"https:\/\/www.cafesetthes.be\/WP\/?post_type=product&#038;p=1525"},"modified":"2025-06-24T13:04:56","modified_gmt":"2025-06-24T11:04:56","slug":"infusion-pomme-grillee","status":"publish","type":"product","link":"https:\/\/www.cafesetthes.be\/WP\/product\/infusion-pomme-grillee\/","title":{"rendered":"Infusion pomme grill\u00e9e"},"content":{"rendered":"<h2>Saveur<\/h2>\n<p>Pomme grill\u00e9e<\/p>\n<h2>Ingr\u00e9dients<\/h2>\n<p>Pomme (44%), hibiscus, cynorrhodon, raisin (raisin, huile v\u00e9g\u00e9tale), AMANDE, morceaux de cannelle, ar\u00f4me, p\u00e9tales de rose.<\/p>\n<h2>Pr\u00e9paration<\/h2>\n<p>Dosage : 15-20g\/L<\/p>\n<p>Dur\u00e9e infusion : 10-12min.<\/p>\n<p>Temp\u00e9rature de l\u2019eau : 100\u00b0C<\/p>\n","protected":false},"excerpt":{"rendered":"<p>Saveur Pomme grill\u00e9e Ingr\u00e9dients Pomme (44%), hibiscus, cynorrhodon, raisin (raisin, huile v\u00e9g\u00e9tale), AMANDE, morceaux de cannelle, ar\u00f4me, p\u00e9tales de rose. Pr\u00e9paration Dosage : 15-20g\/L Dur\u00e9e infusion : 10-12min. Temp\u00e9rature de l\u2019eau : 100\u00b0C<\/p>\n","protected":false},"featured_media":1526,"template":"","meta":{"spay_email":""},"product_cat":[34],"product_tag":[],"_links":{"self":[{"href":"https:\/\/www.cafesetthes.be\/WP\/wp-json\/wp\/v2\/product\/1525"}],"collection":[{"href":"https:\/\/www.cafesetthes.be\/WP\/wp-json\/wp\/v2\/product"}],"about":[{"href":"https:\/\/www.cafesetthes.be\/WP\/wp-json\/wp\/v2\/types\/product"}],"wp:featuredmedia":[{"embeddable":true,"href":"https:\/\/www.cafesetthes.be\/WP\/wp-json\/wp\/v2\/media\/1526"}],"wp:attachment":[{"href":"https:\/\/www.cafesetthes.be\/WP\/wp-json\/wp\/v2\/media?parent=1525"}],"wp:term":[{"taxonomy":"product_cat","embeddable":true,"href":"https:\/\/www.cafesetthes.be\/WP\/wp-json\/wp\/v2\/product_cat?post=1525"},{"taxonomy":"product_tag","embeddable":true,"href":"https:\/\/www.cafesetthes.be\/WP\/wp-json\/wp\/v2\/product_tag?post=1525"}],"curies":[{"name":"wp","href":"https:\/\/api.w.org\/{rel}","templated":true}]}}