{"id":1529,"date":"2024-11-27T08:27:58","date_gmt":"2024-11-27T07:27:58","guid":{"rendered":"https:\/\/www.cafesetthes.be\/WP\/?post_type=product&#038;p=1529"},"modified":"2025-12-04T10:28:30","modified_gmt":"2025-12-04T09:28:30","slug":"cafe-myanmar-shan-estate","status":"publish","type":"product","link":"https:\/\/www.cafesetthes.be\/WP\/product\/cafe-myanmar-shan-estate\/","title":{"rendered":"Myanmar &#8220;Shan Estate&#8221;"},"content":{"rendered":"<h2>Saveur<\/h2>\n<p>Le caf\u00e9 a un profil de tasse cors\u00e9 et clair avec un arri\u00e8re-go\u00fbt de\u00a0<strong>caramel\u00a0<\/strong>et de notes de\u00a0<strong>massepain\u00a0<\/strong>et s\u00e9duit en outre par une\u00a0<strong>agr\u00e9able acidit\u00e9 fruit\u00e9e\u00a0<\/strong>et de\u00a0<strong>discr\u00e8tes nuances florales<\/strong>.<\/p>\n","protected":false},"excerpt":{"rendered":"<p>Le Myanmar, plus connu sous le nom d&#8217;ancienne Birmanie, est une r\u00e9gion de culture du caf\u00e9 assez r\u00e9cente avec une production de caf\u00e9 tr\u00e8s faible. Cependant, des vari\u00e9t\u00e9s d&#8217;arabica de premi\u00e8re qualit\u00e9 y sont cultiv\u00e9es. Le caf\u00e9 est cultiv\u00e9 \u00e0 une altitude de 1 100-1 600 m par des petits paysans et leurs familles, puis cueilli \u00e0 la main.<\/p>\n","protected":false},"featured_media":138,"template":"","meta":{"spay_email":""},"product_cat":[54],"product_tag":[],"_links":{"self":[{"href":"https:\/\/www.cafesetthes.be\/WP\/wp-json\/wp\/v2\/product\/1529"}],"collection":[{"href":"https:\/\/www.cafesetthes.be\/WP\/wp-json\/wp\/v2\/product"}],"about":[{"href":"https:\/\/www.cafesetthes.be\/WP\/wp-json\/wp\/v2\/types\/product"}],"wp:featuredmedia":[{"embeddable":true,"href":"https:\/\/www.cafesetthes.be\/WP\/wp-json\/wp\/v2\/media\/138"}],"wp:attachment":[{"href":"https:\/\/www.cafesetthes.be\/WP\/wp-json\/wp\/v2\/media?parent=1529"}],"wp:term":[{"taxonomy":"product_cat","embeddable":true,"href":"https:\/\/www.cafesetthes.be\/WP\/wp-json\/wp\/v2\/product_cat?post=1529"},{"taxonomy":"product_tag","embeddable":true,"href":"https:\/\/www.cafesetthes.be\/WP\/wp-json\/wp\/v2\/product_tag?post=1529"}],"curies":[{"name":"wp","href":"https:\/\/api.w.org\/{rel}","templated":true}]}}