{"id":1530,"date":"2024-11-27T08:35:27","date_gmt":"2024-11-27T07:35:27","guid":{"rendered":"https:\/\/www.cafesetthes.be\/WP\/?post_type=product&#038;p=1530"},"modified":"2025-06-16T15:30:23","modified_gmt":"2025-06-16T13:30:23","slug":"malawi","status":"publish","type":"product","link":"https:\/\/www.cafesetthes.be\/WP\/product\/malawi\/","title":{"rendered":"Malawi"},"content":{"rendered":"<h2>Saveur<\/h2>\n<p>Une torr\u00e9faction un peu plus fonc\u00e9e conf\u00e8re au caf\u00e9 des accents de\u00a0<strong>chocolat noir<\/strong>\u00a0avec des notes l\u00e9g\u00e8res de\u00a0<strong>noix<\/strong>, ces ar\u00f4mes sont compl\u00e9t\u00e9s par une\u00a0<strong>fra\u00eecheur vive d&#8217;agrumes<\/strong>. Son caract\u00e8re est davantage mis en valeur lors de la pr\u00e9paration du caf\u00e9 filtre, mais aussi \u00e0 la cafeti\u00e8re \u00e0 piston, avec des notes suppl\u00e9mentaires de\u00a0<strong>caramel<\/strong>.<\/p>\n","protected":false},"excerpt":{"rendered":"<p>Situ\u00e9 entre la Tanzanie et le Zimbabwe, le Malawi produit un caf\u00e9 arabica de qualit\u00e9 sup\u00e9rieure. Les plantations se trouvent dans la partie sud du Malawi, \u00e0 Thyolo, Mulanje, Zomba et Mangochi. Bien que le Malawi soit un pays enclav\u00e9, il est parvenu \u00e0 mettre en place une \u00e9conomie d&#8217;exportation prosp\u00e8re pour les produits agricoles. Env. 500 000 petits exploitants vivent d\u00e9sormais de la culture du caf\u00e9. Contrairement aux autres pays producteurs africains, les caf\u00e9iers du Malawi sont plant\u00e9s sur des terrasses afin d&#8217;\u00e9viter l&#8217;\u00e9rosion du sol.<\/p>\n","protected":false},"featured_media":138,"template":"","meta":{"spay_email":""},"product_cat":[54],"product_tag":[],"_links":{"self":[{"href":"https:\/\/www.cafesetthes.be\/WP\/wp-json\/wp\/v2\/product\/1530"}],"collection":[{"href":"https:\/\/www.cafesetthes.be\/WP\/wp-json\/wp\/v2\/product"}],"about":[{"href":"https:\/\/www.cafesetthes.be\/WP\/wp-json\/wp\/v2\/types\/product"}],"wp:featuredmedia":[{"embeddable":true,"href":"https:\/\/www.cafesetthes.be\/WP\/wp-json\/wp\/v2\/media\/138"}],"wp:attachment":[{"href":"https:\/\/www.cafesetthes.be\/WP\/wp-json\/wp\/v2\/media?parent=1530"}],"wp:term":[{"taxonomy":"product_cat","embeddable":true,"href":"https:\/\/www.cafesetthes.be\/WP\/wp-json\/wp\/v2\/product_cat?post=1530"},{"taxonomy":"product_tag","embeddable":true,"href":"https:\/\/www.cafesetthes.be\/WP\/wp-json\/wp\/v2\/product_tag?post=1530"}],"curies":[{"name":"wp","href":"https:\/\/api.w.org\/{rel}","templated":true}]}}