{"id":1553,"date":"2025-09-23T13:44:25","date_gmt":"2025-09-23T11:44:25","guid":{"rendered":"https:\/\/www.cafesetthes.be\/WP\/?post_type=product&#038;p=1553"},"modified":"2025-09-23T14:44:56","modified_gmt":"2025-09-23T12:44:56","slug":"infusette-the-vert-citron","status":"publish","type":"product","link":"https:\/\/www.cafesetthes.be\/WP\/product\/infusette-the-vert-citron\/","title":{"rendered":"Infusette th\u00e9 vert citron"},"content":{"rendered":"<p>Ingr\u00e9dients: th\u00e9 vert (94 %), \u00e9corce de citron, citronnelle, ar\u00f4me naturel de citron avec autres ar\u00f4mes naturels.<\/p>\n<div><img src=\"https:\/\/www.dethlefsen-balk.de\/images\/property\/Zeit.jpg\" \/>\u00a02-3 minutes d&#8217;infusion<\/div>\n<div><img src=\"https:\/\/www.dethlefsen-balk.de\/images\/property\/temp.jpg\" \/>\u00a075\u00b0 &#8211; 80\u00b0 C temp\u00e9rature de l&#8217;eau<\/div>\n<div><\/div>\n<p>Infusettes de 3 g<\/p>\n","protected":false},"excerpt":{"rendered":"<p>Le classique th\u00e9 vert citron.<\/p>\n","protected":false},"featured_media":1555,"template":"","meta":{"spay_email":""},"product_cat":[96,88],"product_tag":[],"_links":{"self":[{"href":"https:\/\/www.cafesetthes.be\/WP\/wp-json\/wp\/v2\/product\/1553"}],"collection":[{"href":"https:\/\/www.cafesetthes.be\/WP\/wp-json\/wp\/v2\/product"}],"about":[{"href":"https:\/\/www.cafesetthes.be\/WP\/wp-json\/wp\/v2\/types\/product"}],"wp:featuredmedia":[{"embeddable":true,"href":"https:\/\/www.cafesetthes.be\/WP\/wp-json\/wp\/v2\/media\/1555"}],"wp:attachment":[{"href":"https:\/\/www.cafesetthes.be\/WP\/wp-json\/wp\/v2\/media?parent=1553"}],"wp:term":[{"taxonomy":"product_cat","embeddable":true,"href":"https:\/\/www.cafesetthes.be\/WP\/wp-json\/wp\/v2\/product_cat?post=1553"},{"taxonomy":"product_tag","embeddable":true,"href":"https:\/\/www.cafesetthes.be\/WP\/wp-json\/wp\/v2\/product_tag?post=1553"}],"curies":[{"name":"wp","href":"https:\/\/api.w.org\/{rel}","templated":true}]}}