{"id":1557,"date":"2025-09-23T13:56:09","date_gmt":"2025-09-23T11:56:09","guid":{"rendered":"https:\/\/www.cafesetthes.be\/WP\/?post_type=product&#038;p=1557"},"modified":"2025-09-23T14:44:07","modified_gmt":"2025-09-23T12:44:07","slug":"infusette-tisane-feng-shui","status":"publish","type":"product","link":"https:\/\/www.cafesetthes.be\/WP\/product\/infusette-tisane-feng-shui\/","title":{"rendered":"Infusette tisane Feng Shui"},"content":{"rendered":"<div>Ingr\u00e9dients: morceaux de pomme, citronnelle, feuilles de m\u00fbre, feuilles d&#8217;ortie, \u00e9corce d\u00b4orange, flocons de carotte, feuilles de fraise sauvage, morceaux de betterave rouge, feuilles d&#8217;eucalyptus, ar\u00f4me, p\u00e9tales de bleuet, fleur de souci, poivre rose.<\/div>\n<div><\/div>\n<div><img src=\"https:\/\/www.dethlefsen-balk.de\/images\/property\/Zeit.jpg\" \/>\u00a05-10 minutes d&#8217;infusion<\/div>\n<div><img src=\"https:\/\/www.dethlefsen-balk.de\/images\/property\/temp.jpg\" \/>\u00a0100\u00b0 C temp\u00e9rature de l&#8217;eau<\/div>\n<div><\/div>\n<div>Infusettes de 2 g<\/div>\n","protected":false},"excerpt":{"rendered":"<p>Tisane saveur fraise-bergamote.<\/p>\n","protected":false},"featured_media":1558,"template":"","meta":{"spay_email":""},"product_cat":[96,33],"product_tag":[],"_links":{"self":[{"href":"https:\/\/www.cafesetthes.be\/WP\/wp-json\/wp\/v2\/product\/1557"}],"collection":[{"href":"https:\/\/www.cafesetthes.be\/WP\/wp-json\/wp\/v2\/product"}],"about":[{"href":"https:\/\/www.cafesetthes.be\/WP\/wp-json\/wp\/v2\/types\/product"}],"wp:featuredmedia":[{"embeddable":true,"href":"https:\/\/www.cafesetthes.be\/WP\/wp-json\/wp\/v2\/media\/1558"}],"wp:attachment":[{"href":"https:\/\/www.cafesetthes.be\/WP\/wp-json\/wp\/v2\/media?parent=1557"}],"wp:term":[{"taxonomy":"product_cat","embeddable":true,"href":"https:\/\/www.cafesetthes.be\/WP\/wp-json\/wp\/v2\/product_cat?post=1557"},{"taxonomy":"product_tag","embeddable":true,"href":"https:\/\/www.cafesetthes.be\/WP\/wp-json\/wp\/v2\/product_tag?post=1557"}],"curies":[{"name":"wp","href":"https:\/\/api.w.org\/{rel}","templated":true}]}}