{"id":1560,"date":"2025-09-23T14:07:12","date_gmt":"2025-09-23T12:07:12","guid":{"rendered":"https:\/\/www.cafesetthes.be\/WP\/?post_type=product&#038;p=1560"},"modified":"2025-11-02T18:20:07","modified_gmt":"2025-11-02T17:20:07","slug":"infusette-orange-pamplemousse","status":"publish","type":"product","link":"https:\/\/www.cafesetthes.be\/WP\/product\/infusette-orange-pamplemousse\/","title":{"rendered":"Infusette orange-pamplemousse"},"content":{"rendered":"<p>Ingr\u00e9dients: morceaux de pomme, flocons de carotte, feuilles de m\u00fbre, feuilles d&#8217;eucalyptus, betterave rouge, fleurs d\u2019hibiscus, citronnelle, ar\u00f4me, morceaux de cl\u00e9mentine lyophilis\u00e9e, \u00e9corce d\u00b4orange.<\/p>\n<div><img src=\"https:\/\/www.dethlefsen-balk.de\/images\/property\/Zeit.jpg\" \/>\u00a05-10 minutes d&#8217;infusion<\/div>\n<div><img src=\"https:\/\/www.dethlefsen-balk.de\/images\/property\/temp.jpg\" \/>\u00a0100\u00b0 C temp\u00e9rature de l&#8217;eau<\/div>\n<div><\/div>\n<div><\/div>\n<div>Infusettes de 3,5 g.<\/div>\n","protected":false},"excerpt":{"rendered":"<p>Tisane saveur orange-pamplemousse<\/p>\n","protected":false},"featured_media":1561,"template":"","meta":{"spay_email":""},"product_cat":[96,34],"product_tag":[],"_links":{"self":[{"href":"https:\/\/www.cafesetthes.be\/WP\/wp-json\/wp\/v2\/product\/1560"}],"collection":[{"href":"https:\/\/www.cafesetthes.be\/WP\/wp-json\/wp\/v2\/product"}],"about":[{"href":"https:\/\/www.cafesetthes.be\/WP\/wp-json\/wp\/v2\/types\/product"}],"wp:featuredmedia":[{"embeddable":true,"href":"https:\/\/www.cafesetthes.be\/WP\/wp-json\/wp\/v2\/media\/1561"}],"wp:attachment":[{"href":"https:\/\/www.cafesetthes.be\/WP\/wp-json\/wp\/v2\/media?parent=1560"}],"wp:term":[{"taxonomy":"product_cat","embeddable":true,"href":"https:\/\/www.cafesetthes.be\/WP\/wp-json\/wp\/v2\/product_cat?post=1560"},{"taxonomy":"product_tag","embeddable":true,"href":"https:\/\/www.cafesetthes.be\/WP\/wp-json\/wp\/v2\/product_tag?post=1560"}],"curies":[{"name":"wp","href":"https:\/\/api.w.org\/{rel}","templated":true}]}}