{"id":1582,"date":"2025-09-23T15:20:15","date_gmt":"2025-09-23T13:20:15","guid":{"rendered":"https:\/\/www.cafesetthes.be\/WP\/?post_type=product&#038;p=1582"},"modified":"2025-09-23T15:20:15","modified_gmt":"2025-09-23T13:20:15","slug":"cafe-aromatise-chocolat-noir","status":"publish","type":"product","link":"https:\/\/www.cafesetthes.be\/WP\/product\/cafe-aromatise-chocolat-noir\/","title":{"rendered":"Caf\u00e9 aromatis\u00e9 chocolat noir"},"content":{"rendered":"<p><strong>Origine et Plantation<\/strong><br \/>\nCe caf\u00e9 d&#8217;exception est issu d\u2019un assemblage soigneusement s\u00e9lectionn\u00e9 de grains de haute qualit\u00e9 provenant d\u2019Am\u00e9rique centrale et du Sud. Gr\u00e2ce \u00e0 une torr\u00e9faction douce, il r\u00e9v\u00e8le pleinement ses ar\u00f4mes, sublim\u00e9s par une aromatisation naturelle au chocolat noir le plus raffin\u00e9. Un m\u00e9lange harmonieux qui allie tradition et raffinement moderne.<\/p>\n<p><strong>Caract\u00e9ristiques et Go\u00fbt<\/strong><br \/>\nD\u00e9couvrez l\u2019harmonie parfaite entre la profondeur\u00a0<strong>velout\u00e9e<\/strong>\u00a0et\u00a0<strong>l\u2019intensit\u00e9 du chocolat noir\u00a0<\/strong>! Ce caf\u00e9 offre une exp\u00e9rience gustative\u00a0<strong>riche<\/strong>\u00a0et \u00e9quilibr\u00e9e, marqu\u00e9e par l\u2019\u00e9l\u00e9gance chocolat\u00e9e de ses notes. Que ce soit pour bien commencer la journ\u00e9e ou pour savourer une pause gourmande \u2013 ce caf\u00e9 saura s\u00e9duire vos sens \u00e0 tout moment.<\/p>\n<p><b>Ingr\u00e9dients:\u00a0<\/b>caf\u00e9 torr\u00e9fi\u00e9 (100% arabica), ar\u00f4me<\/p>\n","protected":false},"excerpt":{"rendered":"<p>D\u00e9couvrez l\u2019harmonie parfaite entre la profondeur\u00a0<strong>velout\u00e9e<\/strong>\u00a0et\u00a0<strong>l\u2019intensit\u00e9 du chocolat noir<\/strong><\/p>\n","protected":false},"featured_media":1586,"template":"","meta":{"spay_email":""},"product_cat":[54,94],"product_tag":[],"_links":{"self":[{"href":"https:\/\/www.cafesetthes.be\/WP\/wp-json\/wp\/v2\/product\/1582"}],"collection":[{"href":"https:\/\/www.cafesetthes.be\/WP\/wp-json\/wp\/v2\/product"}],"about":[{"href":"https:\/\/www.cafesetthes.be\/WP\/wp-json\/wp\/v2\/types\/product"}],"wp:featuredmedia":[{"embeddable":true,"href":"https:\/\/www.cafesetthes.be\/WP\/wp-json\/wp\/v2\/media\/1586"}],"wp:attachment":[{"href":"https:\/\/www.cafesetthes.be\/WP\/wp-json\/wp\/v2\/media?parent=1582"}],"wp:term":[{"taxonomy":"product_cat","embeddable":true,"href":"https:\/\/www.cafesetthes.be\/WP\/wp-json\/wp\/v2\/product_cat?post=1582"},{"taxonomy":"product_tag","embeddable":true,"href":"https:\/\/www.cafesetthes.be\/WP\/wp-json\/wp\/v2\/product_tag?post=1582"}],"curies":[{"name":"wp","href":"https:\/\/api.w.org\/{rel}","templated":true}]}}