{"id":1588,"date":"2025-09-23T15:29:02","date_gmt":"2025-09-23T13:29:02","guid":{"rendered":"https:\/\/www.cafesetthes.be\/WP\/?post_type=product&#038;p=1588"},"modified":"2026-02-17T16:25:11","modified_gmt":"2026-02-17T15:25:11","slug":"infusion-fruits-de-la-jungle","status":"publish","type":"product","link":"https:\/\/www.cafesetthes.be\/WP\/product\/infusion-fruits-de-la-jungle\/","title":{"rendered":"Infusion Fruits de la jungle"},"content":{"rendered":"<p>Ingr\u00e9dients: morceaux de pomme, cubes d\u00b4ananas (ananas, sucre, agent acidifiant: acide citrique), morceaux de papaye (papaye, sucre), morceaux de mangue (mangue, sucre, agent acidifiant: acide citrique), cubes de pitaya violet (pitaya, farine de riz), flocons de papaye, fleurs d\u2019hibiscus, \u00e9corce d\u00b4orange, feuilles de framboise, feuilles d&#8217;eucalyptus, citronnelle, ar\u00f4me.<\/p>\n<div><img src=\"https:\/\/www.dethlefsen-balk.de\/images\/property\/Zeit.jpg\" \/>\u00a010-12 minutes d&#8217;infusion<\/div>\n<div><img src=\"https:\/\/www.dethlefsen-balk.de\/images\/property\/temp.jpg\" \/>\u00a0100\u00b0 C temp\u00e9rature de l&#8217;eau<\/div>\n<div><img src=\"https:\/\/www.dethlefsen-balk.de\/images\/property\/loef.jpg\" \/> 4-5 cuill\u00e8re \u00e0 caf\u00e9 par litre<\/div>\n<div><\/div>\n<div>\u00c0 savourer glac\u00e9 \u00e9galement.<\/div>\n","protected":false},"excerpt":{"rendered":"<p>Saveur ananas-mangue-kiwi<\/p>\n","protected":false},"featured_media":1591,"template":"","meta":{"spay_email":""},"product_cat":[34],"product_tag":[],"_links":{"self":[{"href":"https:\/\/www.cafesetthes.be\/WP\/wp-json\/wp\/v2\/product\/1588"}],"collection":[{"href":"https:\/\/www.cafesetthes.be\/WP\/wp-json\/wp\/v2\/product"}],"about":[{"href":"https:\/\/www.cafesetthes.be\/WP\/wp-json\/wp\/v2\/types\/product"}],"wp:featuredmedia":[{"embeddable":true,"href":"https:\/\/www.cafesetthes.be\/WP\/wp-json\/wp\/v2\/media\/1591"}],"wp:attachment":[{"href":"https:\/\/www.cafesetthes.be\/WP\/wp-json\/wp\/v2\/media?parent=1588"}],"wp:term":[{"taxonomy":"product_cat","embeddable":true,"href":"https:\/\/www.cafesetthes.be\/WP\/wp-json\/wp\/v2\/product_cat?post=1588"},{"taxonomy":"product_tag","embeddable":true,"href":"https:\/\/www.cafesetthes.be\/WP\/wp-json\/wp\/v2\/product_tag?post=1588"}],"curies":[{"name":"wp","href":"https:\/\/api.w.org\/{rel}","templated":true}]}}