{"id":165,"date":"2019-07-18T15:05:40","date_gmt":"2019-07-18T13:05:40","guid":{"rendered":"http:\/\/www.cafesetthes.be\/WP\/?post_type=product&#038;p=165"},"modified":"2026-02-17T15:52:48","modified_gmt":"2026-02-17T14:52:48","slug":"infusion-bora-bora","status":"publish","type":"product","link":"https:\/\/www.cafesetthes.be\/WP\/product\/infusion-bora-bora\/","title":{"rendered":"Infusion &#8220;Bora-Bora&#8221;"},"content":{"rendered":"<h2>Saveur<\/h2>\n<p>Fraise-mangue<\/p>\n<h2>Ingr\u00e9dients<\/h2>\n<p>Fleurs d\u2019hibiscus, morceaux de pomme, morceaux de papaye (papaye, sucre), raisin de Corinthe, baies de sureau, cassis, ar\u00f4me, morceaux de framboise lyophilis\u00e9s, morceaux de fraise lyophilis\u00e9s, fleurs de tournesol, p\u00e9tales de bleuet.<\/p>\n<h2>Pr\u00e9paration<\/h2>\n<p>Dosage : 4-5c.c.\/L<\/p>\n<p>Dur\u00e9e infusion : 10-12min.<\/p>\n<p>Temp\u00e9rature de l&#8217;eau : 100\u00b0C<\/p>\n","protected":false},"excerpt":{"rendered":"<p>Saveur Fraise-mangue Ingr\u00e9dients Fleurs d\u2019hibiscus, morceaux de pomme, morceaux de papaye (papaye, sucre), raisin de Corinthe, baies de sureau, cassis, ar\u00f4me, morceaux de framboise lyophilis\u00e9s, morceaux de fraise lyophilis\u00e9s, fleurs de tournesol, p\u00e9tales de bleuet. Pr\u00e9paration Dosage : 4-5c.c.\/L Dur\u00e9e infusion : 10-12min. Temp\u00e9rature de l&#8217;eau : 100\u00b0C<\/p>\n","protected":false},"featured_media":506,"template":"","meta":{"spay_email":""},"product_cat":[34],"product_tag":[],"_links":{"self":[{"href":"https:\/\/www.cafesetthes.be\/WP\/wp-json\/wp\/v2\/product\/165"}],"collection":[{"href":"https:\/\/www.cafesetthes.be\/WP\/wp-json\/wp\/v2\/product"}],"about":[{"href":"https:\/\/www.cafesetthes.be\/WP\/wp-json\/wp\/v2\/types\/product"}],"wp:featuredmedia":[{"embeddable":true,"href":"https:\/\/www.cafesetthes.be\/WP\/wp-json\/wp\/v2\/media\/506"}],"wp:attachment":[{"href":"https:\/\/www.cafesetthes.be\/WP\/wp-json\/wp\/v2\/media?parent=165"}],"wp:term":[{"taxonomy":"product_cat","embeddable":true,"href":"https:\/\/www.cafesetthes.be\/WP\/wp-json\/wp\/v2\/product_cat?post=165"},{"taxonomy":"product_tag","embeddable":true,"href":"https:\/\/www.cafesetthes.be\/WP\/wp-json\/wp\/v2\/product_tag?post=165"}],"curies":[{"name":"wp","href":"https:\/\/api.w.org\/{rel}","templated":true}]}}