{"id":167,"date":"2019-07-18T15:12:57","date_gmt":"2019-07-18T13:12:57","guid":{"rendered":"http:\/\/www.cafesetthes.be\/WP\/?post_type=product&#038;p=167"},"modified":"2026-02-17T15:49:16","modified_gmt":"2026-02-17T14:49:16","slug":"infusion-fruitee-cerise-sauvage","status":"publish","type":"product","link":"https:\/\/www.cafesetthes.be\/WP\/product\/infusion-fruitee-cerise-sauvage\/","title":{"rendered":"Infusion fruit\u00e9e Cerise sauvage"},"content":{"rendered":"<h2>Saveur<\/h2>\n<p>Cerise sauvage<\/p>\n<h2>Ingr\u00e9dients<\/h2>\n<p>Pomme, hibiscus, cynorrhodon, ar\u00f4me, cerise (3%), fleurs de bleuet, fleurs de carthame.<\/p>\n<h2>Pr\u00e9paration<\/h2>\n<p>Dosage : 15-20g\/L<\/p>\n<p>Dur\u00e9e infusion : 10-12min.<\/p>\n<p>Temp\u00e9rature de l&#8217;eau : 100\u00b0C<\/p>\n","protected":false},"excerpt":{"rendered":"<p>Saveur Cerise sauvage Ingr\u00e9dients Pomme, hibiscus, cynorrhodon, ar\u00f4me, cerise (3%), fleurs de bleuet, fleurs de carthame. Pr\u00e9paration Dosage : 15-20g\/L Dur\u00e9e infusion : 10-12min. Temp\u00e9rature de l&#8217;eau : 100\u00b0C<\/p>\n","protected":false},"featured_media":195,"template":"","meta":{"spay_email":""},"product_cat":[34],"product_tag":[],"_links":{"self":[{"href":"https:\/\/www.cafesetthes.be\/WP\/wp-json\/wp\/v2\/product\/167"}],"collection":[{"href":"https:\/\/www.cafesetthes.be\/WP\/wp-json\/wp\/v2\/product"}],"about":[{"href":"https:\/\/www.cafesetthes.be\/WP\/wp-json\/wp\/v2\/types\/product"}],"wp:featuredmedia":[{"embeddable":true,"href":"https:\/\/www.cafesetthes.be\/WP\/wp-json\/wp\/v2\/media\/195"}],"wp:attachment":[{"href":"https:\/\/www.cafesetthes.be\/WP\/wp-json\/wp\/v2\/media?parent=167"}],"wp:term":[{"taxonomy":"product_cat","embeddable":true,"href":"https:\/\/www.cafesetthes.be\/WP\/wp-json\/wp\/v2\/product_cat?post=167"},{"taxonomy":"product_tag","embeddable":true,"href":"https:\/\/www.cafesetthes.be\/WP\/wp-json\/wp\/v2\/product_tag?post=167"}],"curies":[{"name":"wp","href":"https:\/\/api.w.org\/{rel}","templated":true}]}}