{"id":170,"date":"2019-07-18T15:13:35","date_gmt":"2019-07-18T13:13:35","guid":{"rendered":"http:\/\/www.cafesetthes.be\/WP\/?post_type=product&#038;p=170"},"modified":"2026-01-14T14:52:25","modified_gmt":"2026-01-14T13:52:25","slug":"170","status":"publish","type":"product","link":"https:\/\/www.cafesetthes.be\/WP\/product\/170\/","title":{"rendered":"Infusion fruit\u00e9e douce Bambou-p\u00eache-fraise des bois"},"content":{"rendered":"<h2>Saveur<\/h2>\n<p>Bambou-p\u00eache-fraise des bois<\/p>\n<h2>Ingr\u00e9dients<\/h2>\n<p>Pomme, raisin (raisin, huile v\u00e9g\u00e9tale), ananas (ananas, sucre), betterave rouge, p\u00eache (p\u00eache, farine de riz) (6%), carotte, ar\u00f4me naturel, feuilles de bambou (3%), feuilles de m\u00fbre, fraise (2%), fleurs de souci.<\/p>\n<h2>Pr\u00e9paration<\/h2>\n<p>Dosage : 15-20g\/L<\/p>\n<p>Dur\u00e9e infusion : 10-12min.<\/p>\n<p>Temp\u00e9rature de l&#8217;eau : 100\u00b0C<\/p>\n","protected":false},"excerpt":{"rendered":"<p>Saveur Bambou-p\u00eache-fraise des bois Ingr\u00e9dients Pomme, raisin (raisin, huile v\u00e9g\u00e9tale), ananas (ananas, sucre), betterave rouge, p\u00eache (p\u00eache, farine de riz) (6%), carotte, ar\u00f4me naturel, feuilles de bambou (3%), feuilles de m\u00fbre, fraise (2%), fleurs de souci. Pr\u00e9paration Dosage : 15-20g\/L Dur\u00e9e infusion : 10-12min. Temp\u00e9rature de l&#8217;eau : 100\u00b0C<\/p>\n","protected":false},"featured_media":197,"template":"","meta":{"spay_email":""},"product_cat":[34],"product_tag":[],"_links":{"self":[{"href":"https:\/\/www.cafesetthes.be\/WP\/wp-json\/wp\/v2\/product\/170"}],"collection":[{"href":"https:\/\/www.cafesetthes.be\/WP\/wp-json\/wp\/v2\/product"}],"about":[{"href":"https:\/\/www.cafesetthes.be\/WP\/wp-json\/wp\/v2\/types\/product"}],"wp:featuredmedia":[{"embeddable":true,"href":"https:\/\/www.cafesetthes.be\/WP\/wp-json\/wp\/v2\/media\/197"}],"wp:attachment":[{"href":"https:\/\/www.cafesetthes.be\/WP\/wp-json\/wp\/v2\/media?parent=170"}],"wp:term":[{"taxonomy":"product_cat","embeddable":true,"href":"https:\/\/www.cafesetthes.be\/WP\/wp-json\/wp\/v2\/product_cat?post=170"},{"taxonomy":"product_tag","embeddable":true,"href":"https:\/\/www.cafesetthes.be\/WP\/wp-json\/wp\/v2\/product_tag?post=170"}],"curies":[{"name":"wp","href":"https:\/\/api.w.org\/{rel}","templated":true}]}}